{"id":1947,"date":"2017-11-15T09:42:27","date_gmt":"2017-11-15T09:42:27","guid":{"rendered":"http:\/\/aximont.com\/?page_id=10"},"modified":"2022-03-29T20:51:36","modified_gmt":"2022-03-29T18:51:36","slug":"services","status":"publish","type":"page","link":"https:\/\/aximont.com\/de\/services\/","title":{"rendered":"SERVICES"},"content":{"rendered":"<\/p>\n<h3>ATD Tresort\u00fcren<\/h3>\n<p>&nbsp;<\/p>\n<p>Diese Tresort\u00fcren haben ein Zertifikat nach \u010cSN 1143-1 von einem akkreditierten Zertifikatsorgan\u00a0 TREZOR TEST s.r.o. und sind in der Sicherheitsklasse \u201eI\u201c. Die Tresort\u00fcren entspricht der Regierungsanweisung vom 26. Juni 2002.\u00a0\u00a0\u00a0\u00a0\u00a0\u00a0\u00a0\u00a0\u00a0\u00a0\u00a0<\/p>\n<p>Die T\u00fcr ist m\u00f6glich in der rechtsseitigen oder linksseitigen Ausf\u00fchrung herzustellen. Der Bask\u00fclemechanismus ist dreiseitig, die vierte Seite ist standfest. Die Vorstecker, die den Durchmesse 20\u00a0mm haben, sind aus dem nichtrostendem Stahl hergestellt. Der Abschlie\u00dfmechanismus erg\u00e4nzen in oberen und unteren Teil zwei passive irreversibele Blockelemente, die miteinander durch ein Stahlseil (Durchmasse 1,25\u00a0mm) verbinden sind. Das Bask\u00fcleschloss und die Blockelemente sind mit einem geh\u00e4rteren Brett (H\u00e4rte HRC 56\u00a0\u00b1\u00a02 mm) unterlegen. Der T\u00fcrinnenraum ist mit einer Mineralwatte Rockwool (St\u00e4rke 40\u00a0mm) ausgef\u00fcllt. Die T\u00fcr ist auf zwei \u00e4u\u00dferen Zapfenscharmiers geh\u00e4ngt. Der benutzte Farbton RAL ist hygienisch unsch\u00e4dlich.<\/p>\n<p>&nbsp;<\/p>\n<p><img decoding=\"async\" class=\"alignnone size-large wp-image-394\" src=\"http:\/\/aximont.com\/web\/wp-content\/uploads\/2017\/10\/atd-cz-page-001-1024x220.jpg\" alt=\"\" width=\"800\" height=\"172\" srcset=\"https:\/\/aximont.com\/wp-content\/uploads\/2017\/10\/atd-cz-page-001-300x64.jpg 300w, https:\/\/aximont.com\/wp-content\/uploads\/2017\/10\/atd-cz-page-001-768x165.jpg 768w, https:\/\/aximont.com\/wp-content\/uploads\/2017\/10\/atd-cz-page-001-1024x220.jpg 1024w, https:\/\/aximont.com\/wp-content\/uploads\/2017\/10\/atd-cz-page-001.jpg 3300w\" sizes=\"(max-width: 800px) 100vw, 800px\" \/><\/p>\n<div id=\"grid-gallery-11-28314\" data-gg-id=\"11\" data-title=\"ATD\" data-grid-type=\"1\" data-offset=\"17.3\" data-area-position=\"right\" data-icons=\"\" data-preloader=\"false\" data-width=\"225\" data-height=\"\" data-padding=\"0\" data-quicksand=\"disabled\" data-quicksand-duration=\"none\" data-popup-theme=\"theme_3\" data-popup-type=\"colorbox\" data-popup-fadeOut=\"300\" data-popup-image-text=\"data-description\" data-popup-widthsize=\"auto\" data-popup-heightsize=\"auto\" data-popup-i18n-words=\"{&quot;close&quot;:&quot;schlie\\u00dfen&quot;,&quot;next&quot;:&quot;n\\u00e4chste&quot;,&quot;previous&quot;:&quot;vorherige&quot;,&quot;start_slideshow&quot;:&quot;Starte Slideshow&quot;,&quot;stop_slideshow&quot;:&quot;Stoppe Slideshow&quot;,&quot;image&quot;:&quot;Bild&quot;,&quot;of&quot;:&quot;von&quot;,&quot;prev&quot;:&quot;vorherige&quot;,&quot;cExpand&quot;:&quot;Erweitere&quot;,&quot;cPrevious&quot;:&quot;Vorheriges&quot;,&quot;cNext&quot;:&quot;N\\u00e4chstes&quot;,&quot;cExpandStr&quot;:&quot;Erweitere Bild&quot;,&quot;cRotate&quot;:&quot;Rotate&quot;,&quot;cDetails&quot;:&quot;Details&quot;}\" data-popup-slideshow=\"false\" data-popup-slideshow-speed=\"2500\" data-popup-hoverstop=\"false\" data-popup-slideshow-auto=\"false\" data-popup-background=\"#bfbfbf\" data-popup-transparency=\"30\" data-popup-disable-history=\"\" data-popup-disable-changed-url=\"\" data-popup-border-type=\"\" data-popup-border-color=\"\" data-popup-border-width=\"\" data-popup-border-enable=\"\" data-fullscreen=\"false\" data-hide-tooltip=\"false\" data-caption-font-family=\"Default\" data-caption-text-size=\"140\" data-is-mobile=\"0\" data-caption-mobile=\"false\" data-hide-long-tltp-title=\"0\" data-caption-disabled-on-mobile=\"false\" data-popup-placement-type=\"0\" data-social-sharing=\"{&quot;enabled&quot;:&quot;&quot;,&quot;gallerySharing&quot;:{&quot;enabled&quot;:null,&quot;position&quot;:null},&quot;imageSharing&quot;:{&quot;enabled&quot;:null,&quot;wrapperClass&quot;:&quot; vertical &quot;},&quot;popupSharing&quot;:{&quot;enabled&quot;:null,&quot;wrapperClass&quot;:&quot; vertical &quot;}}\" class=\"grid-gallery grid-gallery-fluid-height \" style=\" width:1200; height:auto; float: left;position:relative;\"> <div class=\"gallery-sharing-top\" style=\"display:none;\"> <\/div> <div id=\"photos-11\" class=\"grid-gallery-photos\"><FIGURE class=\"grid-gallery-caption\" data-grid-gallery-type=\"quarter-slide-up\" data-index=\"0\" style=\"display:none;border-radius:00;; margin:17.3px; width:2250;\" ><div class=\"crop\" style=\"\"><img decoding=\"async\" src=\"http:\/\/aximont.com\/wp-content\/uploads\/2017\/10\/ATD_o-225x300.gif\" class=\"ggImg\" alt=\"ATD_o\" title=\"ATD_o\" data-description=\"ATD_o\" data-caption=\"ATD_o\" data-title=\"ATD_o\" style=\" width:225px;\" \/><\/div><FIGCAPTION class=\"\" data-alpha=\"5\" style=\"color:#ffffff; background-color:#6f0000; font-size:140; text-align:left; font-family:Default;\" ><div class=\"grid-gallery-figcaption-wrap\" style=\"\"><\/div><\/FIGCAPTION><\/FIGURE><FIGURE class=\"grid-gallery-caption\" data-grid-gallery-type=\"quarter-slide-up\" data-index=\"1\" style=\"display:none;border-radius:00;; margin:17.3px; width:2250;\" ><div class=\"crop\" style=\"\"><img decoding=\"async\" src=\"http:\/\/aximont.com\/wp-content\/uploads\/2017\/10\/ATD_z-225x300.gif\" class=\"ggImg\" alt=\"ATD_z\" title=\"ATD_z\" data-description=\"ATD_z\" data-caption=\"ATD_z\" data-title=\"ATD_z\" style=\" width:225px;\" \/><\/div><FIGCAPTION class=\"\" data-alpha=\"5\" style=\"color:#ffffff; background-color:#6f0000; font-size:140; text-align:left; font-family:Default;\" ><div class=\"grid-gallery-figcaption-wrap\" style=\"\"><\/div><\/FIGCAPTION><\/FIGURE> <div class=\"grid-gallery-clearfix\"><\/div> <\/div> <div class=\"gallery-sharing-bottom\" style=\"display:none;\"> <\/div> <div class=\"gallery-sharing-image\" style=\"display:none;\"> <\/div> <div class=\"gallery-sharing-popup\" style=\"display:none;\"> <\/div> <div class=\"grid-gallery-clearfix\"><\/div> <\/div> <!-- Gallery by Supsystic plugin1.16.0 --><a title=\"WordPress Image Gallery Plugin\" style=\"display:none;\" href=\"https:\/\/supsystic.com\/plugins\/photo-gallery\/?utm_medium=love_link\" target=\"_blank\">WordPress Image Gallery Plugin<\/a>\n<p><strong>Feuersicherheit: <\/strong><\/p>\n<p>Intermantelraum ist von dem feuerbest\u00e4ndigen Material\u00a0\u00a0<\/p>\n<p>ausgef\u00fcllt, das ist\u00a0unbrennbar nach DIN 4102 \u2013 Klasse \u201eA\u201c<\/p>\n<p>&nbsp;<\/p>\n<p><strong>Grundausstattung:<\/strong><\/p>\n<ul>\n<li>das Schl\u00fcsselsicherheitschloss<\/li>\n<li>der Schild, die Klinke<\/li>\n<\/ul>\n<p><strong>Lackierung:<\/strong><\/p>\n<ul>\n<li>RAL 9002 \u2013 grauwei\u00df<\/li>\n<li>RAL 7016 \u2013 anthrazitisch grau<\/li>\n<li>RAL 7035 \u2013 grau<\/li>\n<li>RAL 9005 \u2013 schwarz<\/li>\n<\/ul>\n<p>&nbsp;<\/p>\n<p><b>Sonderaustattung:<\/b>\u00a0\u00a0\u00a0\u00a0\u00a0\u00a0\u00a0\u00a0<\/p>\n<p>andere Stufe RAL, mechanische oder elektronische Kodeschl\u00f6sser<\/p>\n<p>\n","protected":false},"excerpt":{"rendered":"","protected":false},"author":1,"featured_media":0,"parent":0,"menu_order":0,"comment_status":"closed","ping_status":"closed","template":"100-width.php","meta":{"footnotes":""},"class_list":["post-1947","page","type-page","status-publish","hentry"],"translation":{"provider":"WPGlobus","version":"3.0.2","language":"de","enabled_languages":["cz","en","de"],"languages":{"cz":{"title":true,"content":true,"excerpt":false},"en":{"title":false,"content":true,"excerpt":false},"de":{"title":false,"content":true,"excerpt":false}}},"_links":{"self":[{"href":"https:\/\/aximont.com\/de\/wp-json\/wp\/v2\/pages\/1947","targetHints":{"allow":["GET"]}}],"collection":[{"href":"https:\/\/aximont.com\/de\/wp-json\/wp\/v2\/pages"}],"about":[{"href":"https:\/\/aximont.com\/de\/wp-json\/wp\/v2\/types\/page"}],"author":[{"embeddable":true,"href":"https:\/\/aximont.com\/de\/wp-json\/wp\/v2\/users\/1"}],"replies":[{"embeddable":true,"href":"https:\/\/aximont.com\/de\/wp-json\/wp\/v2\/comments?post=1947"}],"version-history":[{"count":4,"href":"https:\/\/aximont.com\/de\/wp-json\/wp\/v2\/pages\/1947\/revisions"}],"predecessor-version":[{"id":2189,"href":"https:\/\/aximont.com\/de\/wp-json\/wp\/v2\/pages\/1947\/revisions\/2189"}],"wp:attachment":[{"href":"https:\/\/aximont.com\/de\/wp-json\/wp\/v2\/media?parent=1947"}],"curies":[{"name":"wp","href":"https:\/\/api.w.org\/{rel}","templated":true}]}}