{"id":2225,"date":"2022-04-11T22:37:03","date_gmt":"2022-04-11T20:37:03","guid":{"rendered":"https:\/\/aximont.com\/?page_id=2225"},"modified":"2025-09-15T18:37:20","modified_gmt":"2025-09-15T16:37:20","slug":"uvod-3","status":"publish","type":"page","link":"https:\/\/aximont.com\/de\/","title":{"rendered":"\u00daVOD"},"content":{"rendered":"<p><div class=\"fusion-fullwidth fullwidth-box fusion-builder-row-1 nonhundred-percent-fullwidth non-hundred-percent-height-scrolling\" style=\"--awb-border-radius-top-left:0px;--awb-border-radius-top-right:0px;--awb-border-radius-bottom-right:0px;--awb-border-radius-bottom-left:0px;--awb-padding-top:40px;--awb-padding-bottom:70px;--awb-background-color:#292b37;--awb-flex-wrap:wrap;\" ><div class=\"fusion-builder-row fusion-row\"><div class=\"fusion-layout-column fusion_builder_column fusion-builder-column-0 fusion_builder_column_1_3 1_3 fusion-one-third fusion-column-first\" style=\"--awb-bg-size:cover;--awb-margin-top:45px;--awb-margin-bottom:45px;width:33.3333333333%;width:calc(33.3333333333% - ( ( 6% + 6% ) * 0.333333333333 ) );margin-right: 6%;\"><div class=\"fusion-column-wrapper fusion-flex-column-wrapper-legacy\"><div class=\"fusion-fa-align-center\"><i class=\"fb-icon-element-1 fb-icon-element fontawesome-icon fa-hammer fas circle-yes\" style=\"--awb-circlecolor-hover:#333333;--awb-circlebordercolor-hover:#e30707;--awb-circlebordersize:1px;--awb-font-size:42.24px;--awb-width:84.48px;--awb-height:84.48px;--awb-line-height:82.48px;--awb-margin-bottom:30px;\"><\/i><\/div><div class=\"fusion-title title fusion-title-1 fusion-sep-none fusion-title-center fusion-title-text fusion-title-size-three\" style=\"--awb-text-color:#ffffff;\"><h3 class=\"fusion-title-heading title-heading-center fusion-responsive-typography-calculated\" style=\"margin:0;--fontSize:26;line-height:1.15;\">Obr\u00e1b\u011bn\u00ed kov\u016f<\/h3><\/div><div class=\"fusion-text fusion-text-1\"><p style=\"text-align: center;\">Soustru\u017een\u00ed, fr\u00e9zov\u00e1n\u00ed, vrt\u00e1n\u00ed, \u0159ez\u00e1n\u00ed<\/p>\n<\/div><div class=\"fusion-sep-clear\"><\/div><div class=\"fusion-separator fusion-full-width-sep\" style=\"margin-left: auto;margin-right: auto;margin-top:20px;width:100%;\"><\/div><div class=\"fusion-sep-clear\"><\/div><div class=\"fusion-clearfix\"><\/div><\/div><\/div><div class=\"fusion-layout-column fusion_builder_column fusion-builder-column-1 fusion_builder_column_1_3 1_3 fusion-one-third\" style=\"--awb-bg-size:cover;--awb-margin-top:45px;--awb-margin-bottom:45px;width:33.3333333333%;width:calc(33.3333333333% - ( ( 6% + 6% ) * 0.333333333333 ) );margin-right: 6%;\"><div class=\"fusion-column-wrapper fusion-flex-column-wrapper-legacy\"><div class=\"fusion-fa-align-center\"><i class=\"fb-icon-element-2 fb-icon-element fontawesome-icon fa-tools fas circle-yes\" style=\"--awb-circlecolor-hover:#333333;--awb-circlebordercolor-hover:#e50707;--awb-circlebordersize:1px;--awb-font-size:42.24px;--awb-width:84.48px;--awb-height:84.48px;--awb-line-height:82.48px;--awb-margin-bottom:30px;\"><\/i><\/div><div class=\"fusion-title title fusion-title-2 fusion-sep-none fusion-title-center fusion-title-text fusion-title-size-three\" style=\"--awb-text-color:#ffffff;\"><h3 class=\"fusion-title-heading title-heading-center fusion-responsive-typography-calculated\" style=\"margin:0;--fontSize:26;line-height:1.15;\">Tv\u00e1\u0159en\u00ed kov\u016f<\/h3><\/div><div class=\"fusion-text fusion-text-2\"><p style=\"text-align: center;\">Oh\u00fdb\u00e1n\u00ed, ohra\u0148ov\u00e1n\u00ed, vysek\u00e1v\u00e1n\u00ed<\/p>\n<\/div><div class=\"fusion-sep-clear\"><\/div><div class=\"fusion-separator fusion-full-width-sep\" style=\"margin-left: auto;margin-right: auto;margin-top:20px;width:100%;\"><\/div><div class=\"fusion-sep-clear\"><\/div><div class=\"fusion-clearfix\"><\/div><\/div><\/div><div class=\"fusion-layout-column fusion_builder_column fusion-builder-column-2 fusion_builder_column_1_3 1_3 fusion-one-third fusion-column-last\" style=\"--awb-bg-size:cover;--awb-margin-top:45px;--awb-margin-bottom:45px;width:33.3333333333%;width:calc(33.3333333333% - ( ( 6% + 6% ) * 0.333333333333 ) );\"><div class=\"fusion-column-wrapper fusion-flex-column-wrapper-legacy\"><div class=\"fusion-fa-align-center\"><i class=\"fb-icon-element-3 fb-icon-element fontawesome-icon fa-bolt fas circle-yes\" style=\"--awb-circlecolor-hover:#333333;--awb-circlebordercolor-hover:#e50707;--awb-circlebordersize:1px;--awb-font-size:42.24px;--awb-width:84.48px;--awb-height:84.48px;--awb-line-height:82.48px;--awb-margin-bottom:30px;\"><\/i><\/div><div class=\"fusion-title title fusion-title-3 fusion-sep-none fusion-title-center fusion-title-text fusion-title-size-three\" style=\"--awb-text-color:#ffffff;\"><h3 class=\"fusion-title-heading title-heading-center fusion-responsive-typography-calculated\" style=\"margin:0;--fontSize:26;line-height:1.15;\">Sva\u0159ovac\u00ed boxy<\/h3><\/div><div class=\"fusion-text fusion-text-3\"><p style=\"text-align: center;\">Metody MIG, MAG, TIG<\/p>\n<\/div><div class=\"fusion-sep-clear\"><\/div><div class=\"fusion-separator fusion-full-width-sep\" style=\"margin-left: auto;margin-right: auto;margin-top:20px;width:100%;\"><\/div><div class=\"fusion-sep-clear\"><\/div><div class=\"fusion-clearfix\"><\/div><\/div><\/div><div class=\"fusion-layout-column fusion_builder_column fusion-builder-column-3 fusion_builder_column_1_3 1_3 fusion-one-third fusion-column-first\" style=\"--awb-bg-size:cover;--awb-margin-top:45px;--awb-margin-bottom:45px;width:33.3333333333%;width:calc(33.3333333333% - ( ( 6% + 6% ) * 0.333333333333 ) );margin-right: 6%;\"><div class=\"fusion-column-wrapper fusion-flex-column-wrapper-legacy\"><div class=\"fusion-fa-align-center\"><i class=\"fb-icon-element-4 fb-icon-element fontawesome-icon fa-spray-can fas circle-yes\" style=\"--awb-circlecolor-hover:#333333;--awb-circlebordercolor-hover:#e50707;--awb-circlebordersize:1px;--awb-font-size:42.24px;--awb-width:84.48px;--awb-height:84.48px;--awb-line-height:82.48px;--awb-margin-bottom:30px;\"><\/i><\/div><div class=\"fusion-title title fusion-title-4 fusion-sep-none fusion-title-center fusion-title-text fusion-title-size-three\" style=\"--awb-text-color:#ffffff;\"><h3 class=\"fusion-title-heading title-heading-center fusion-responsive-typography-calculated\" style=\"margin:0;--fontSize:26;line-height:1.15;\">Pr\u00e1\u0161kov\u00e9 lakov\u00e1n\u00ed<\/h3><\/div><div class=\"fusion-text fusion-text-4\"><p style=\"text-align: center;\">\n<\/div><div class=\"fusion-sep-clear\"><\/div><div class=\"fusion-separator fusion-full-width-sep\" style=\"margin-left: auto;margin-right: auto;margin-top:20px;width:100%;\"><\/div><div class=\"fusion-sep-clear\"><\/div><div class=\"fusion-clearfix\"><\/div><\/div><\/div><div class=\"fusion-layout-column fusion_builder_column fusion-builder-column-4 fusion_builder_column_1_3 1_3 fusion-one-third\" style=\"--awb-bg-size:cover;--awb-margin-top:45px;--awb-margin-bottom:45px;width:33.3333333333%;width:calc(33.3333333333% - ( ( 6% + 6% ) * 0.333333333333 ) );margin-right: 6%;\"><div class=\"fusion-column-wrapper fusion-flex-column-wrapper-legacy\"><div class=\"fusion-fa-align-center\"><i class=\"fb-icon-element-5 fb-icon-element fontawesome-icon fa-brush fas circle-yes\" style=\"--awb-circlecolor-hover:#333333;--awb-circlebordercolor-hover:#e50707;--awb-circlebordersize:1px;--awb-font-size:42.24px;--awb-width:84.48px;--awb-height:84.48px;--awb-line-height:82.48px;--awb-margin-bottom:30px;\"><\/i><\/div><div class=\"fusion-title title fusion-title-5 fusion-sep-none fusion-title-center fusion-title-text fusion-title-size-three\" style=\"--awb-text-color:#ffffff;\"><h3 class=\"fusion-title-heading title-heading-center fusion-responsive-typography-calculated\" style=\"margin:0;--fontSize:26;line-height:1.15;\">Lakov\u00e1n\u00ed mokrou barvou<\/h3><\/div><div class=\"fusion-text fusion-text-5\"><p style=\"text-align: center;\">\n<\/div><div class=\"fusion-sep-clear\"><\/div><div class=\"fusion-separator fusion-full-width-sep\" style=\"margin-left: auto;margin-right: auto;margin-top:20px;width:100%;\"><\/div><div class=\"fusion-sep-clear\"><\/div><div class=\"fusion-clearfix\"><\/div><\/div><\/div><div class=\"fusion-layout-column fusion_builder_column fusion-builder-column-5 fusion_builder_column_1_3 1_3 fusion-one-third fusion-column-last\" style=\"--awb-bg-size:cover;--awb-margin-top:45px;--awb-margin-bottom:80px;width:33.3333333333%;width:calc(33.3333333333% - ( ( 6% + 6% ) * 0.333333333333 ) );\"><div class=\"fusion-column-wrapper fusion-flex-column-wrapper-legacy\"><div class=\"fusion-fa-align-center\"><i class=\"fb-icon-element-6 fb-icon-element fontawesome-icon fa-industry fas circle-yes\" style=\"--awb-circlecolor-hover:#333333;--awb-circlebordercolor-hover:#e50707;--awb-circlebordersize:1px;--awb-font-size:42.24px;--awb-width:84.48px;--awb-height:84.48px;--awb-line-height:82.48px;--awb-margin-bottom:30px;\"><\/i><\/div><div class=\"fusion-title title fusion-title-6 fusion-sep-none fusion-title-center fusion-title-text fusion-title-size-three\" style=\"--awb-text-color:#ffffff;\"><h3 class=\"fusion-title-heading title-heading-center fusion-responsive-typography-calculated\" style=\"margin:0;--fontSize:26;line-height:1.15;\">V\u00fdrobn\u00ed kapacity<\/h3><\/div><div class=\"fusion-sep-clear\"><\/div><div class=\"fusion-separator fusion-full-width-sep\" style=\"margin-left: auto;margin-right: auto;margin-top:20px;width:100%;\"><\/div><div class=\"fusion-sep-clear\"><\/div><div class=\"fusion-clearfix\"><\/div><\/div><\/div><\/div><\/div><div class=\"fusion-fullwidth fullwidth-box fusion-builder-row-2 nonhundred-percent-fullwidth non-hundred-percent-height-scrolling\" style=\"--awb-border-radius-top-left:0px;--awb-border-radius-top-right:0px;--awb-border-radius-bottom-right:0px;--awb-border-radius-bottom-left:0px;--awb-padding-top:0px;--awb-padding-right:0px;--awb-padding-bottom:0px;--awb-padding-left:0px;--awb-margin-top:0px;--awb-margin-bottom:0px;--awb-flex-wrap:wrap;\" ><div class=\"fusion-builder-row fusion-row\"><div class=\"fusion-layout-column fusion_builder_column fusion-builder-column-6 fusion_builder_column_1_1 1_1 fusion-one-full fusion-column-first fusion-column-last\" style=\"--awb-bg-blend:overlay;--awb-bg-size:cover;--awb-margin-top:0px;--awb-margin-bottom:0px;\"><div class=\"fusion-column-wrapper fusion-flex-column-wrapper-legacy\"><div class=\"fusion-column-content-centered\"><div class=\"fusion-column-content\"><div class=\"fusion-section-separator section-separator triangle fusion-section-separator-1\" style=\"--awb-border-bottom:1px solid #292b37;--awb-spacer-height:1px;--awb-svg-margin-left:0;--awb-svg-margin-right:0;--awb-icon-color:#ffffff;\"><div class=\"fusion-section-separator-svg\"><div class=\"divider-candy-arrow bottom\" style=\"top:0px;border-top-color: #292b37;\"><\/div><div class=\"divider-candy bottom\" style=\"bottom:-21px;border-bottom:1px solid #292b37;border-left:1px solid #292b37;\"><\/div><\/div><div class=\"fusion-section-separator-spacer\"><div class=\"fusion-section-separator-spacer-height\"><\/div><\/div><\/div><\/div><\/div><div class=\"fusion-clearfix\"><\/div><\/div><\/div><\/div><\/div><div class=\"fusion-bg-parallax\" data-bg-align=\"center bottom\" data-direction=\"down\" data-mute=\"false\" data-opacity=\"100\" data-velocity=\"-0.6\" data-mobile-enabled=\"false\" data-break_parents=\"0\" data-bg-image=\"http:\/\/aximont.com\/wp-content\/uploads\/2018\/02\/work-bg.jpg\" data-bg-repeat=\"false\" data-bg-color=\"#eeeeee\" ><\/div><div class=\"fusion-fullwidth fullwidth-box fusion-builder-row-3 fusion-parallax-down nonhundred-percent-fullwidth non-hundred-percent-height-scrolling\" style=\"--awb-background-position:center bottom;--awb-border-radius-top-left:0px;--awb-border-radius-top-right:0px;--awb-border-radius-bottom-right:0px;--awb-border-radius-bottom-left:0px;--awb-padding-top:70px;--awb-padding-bottom:0px;--awb-background-color:#eeeeee;--awb-background-image:url(&quot;http:\/\/aximont.com\/wp-content\/uploads\/2018\/02\/work-bg.jpg&quot;);--awb-background-size:cover;--awb-flex-wrap:wrap;\" ><div class=\"fusion-builder-row fusion-row\"><div class=\"fusion-layout-column fusion_builder_column fusion-builder-column-7 fusion_builder_column_1_6 1_6 fusion-one-sixth fusion-column-first fusion-no-small-visibility\" style=\"--awb-bg-size:cover;width:16.6666666667%;width:calc(16.6666666667% - ( ( 4% ) * 0.166666666667 ) );margin-right: 4%;\"><div class=\"fusion-column-wrapper fusion-flex-column-wrapper-legacy\"><div class=\"fusion-clearfix\"><\/div><\/div><\/div><div class=\"fusion-layout-column fusion_builder_column fusion-builder-column-8 fusion_builder_column_2_3 2_3 fusion-two-third fusion-column-last\" style=\"--awb-bg-size:cover;--awb-margin-top:1px;--awb-margin-bottom:2%;width:66.6666666667%;width:calc(66.6666666667% - ( ( 4% ) * 0.666666666667 ) );\"><div class=\"fusion-column-wrapper fusion-flex-column-wrapper-legacy\"><div class=\"fusion-title title fusion-title-7 fusion-sep-none fusion-title-center fusion-title-text fusion-title-size-two\" style=\"--awb-text-color:#db0707;\"><h2 class=\"fusion-title-heading title-heading-center fusion-responsive-typography-calculated\" style=\"margin:0;--fontSize:44;line-height:1.05;\"><span style=\"color: #333645;\">KARI\u00c9RA V AXIMONT<\/span><\/h2><\/div><div class=\"fusion-sep-clear\"><\/div><div class=\"fusion-separator\" style=\"margin-left: auto;margin-right: auto;margin-top:16px;margin-bottom:36px;width:100%;max-width:24%;\"><div class=\"fusion-separator-border sep-single\" style=\"--awb-height:20px;--awb-amount:20px;border-color:#e0dede;border-top-width:2px;\"><\/div><\/div><div class=\"fusion-sep-clear\"><\/div><div class=\"fusion-text fusion-text-6\"><p style=\"text-align: center;\"><span style=\"font-size: 20px;\" data-fusion-font=\"true\">P\u0159idej se ke kvalitn\u00edmu kolektivu v\u00edce ne\u017e 20 odborn\u00edk\u016f ve sv\u00e9m oboru.<\/span><\/p>\n<p style=\"text-align: center;\">\n<\/div><div class=\"fusion-sep-clear\"><\/div><div class=\"fusion-separator\" style=\"margin-left: auto;margin-right: auto;margin-bottom:20px;width:100%;max-width:24%;\"><\/div><div class=\"fusion-sep-clear\"><\/div><div class=\"fusion-clearfix\"><\/div><\/div><\/div><div class=\"fusion-layout-column fusion_builder_column fusion-builder-column-9 fusion_builder_column_1_3 1_3 fusion-one-third fusion-column-first\" style=\"--awb-bg-color:#292b37;--awb-bg-color-hover:#292b37;--awb-bg-size:cover;width:33.3333333333%;width:calc(33.3333333333% - ( ( 4% + 4% ) * 0.333333333333 ) );margin-right: 4%;\"><div class=\"fusion-column-wrapper fusion-column-has-shadow fusion-flex-column-wrapper-legacy\"><div class=\"fusion-image-element in-legacy-container\" style=\"--awb-caption-title-font-family:var(--h2_typography-font-family);--awb-caption-title-font-weight:var(--h2_typography-font-weight);--awb-caption-title-font-style:var(--h2_typography-font-style);--awb-caption-title-size:var(--h2_typography-font-size);--awb-caption-title-transform:var(--h2_typography-text-transform);--awb-caption-title-line-height:var(--h2_typography-line-height);--awb-caption-title-letter-spacing:var(--h2_typography-letter-spacing);\"><span class=\" fusion-imageframe imageframe-none imageframe-1 hover-type-none\"><img decoding=\"async\" width=\"1000\" height=\"1000\" title=\"Aximont-JOBS-prace-lis\" src=\"http:\/\/aximont.com\/wp-content\/uploads\/2020\/07\/Aximont-JOBS-prace-lis.jpg\" alt class=\"img-responsive wp-image-1995\" srcset=\"https:\/\/aximont.com\/wp-content\/uploads\/2020\/07\/Aximont-JOBS-prace-lis-200x200.jpg 200w, https:\/\/aximont.com\/wp-content\/uploads\/2020\/07\/Aximont-JOBS-prace-lis-400x400.jpg 400w, https:\/\/aximont.com\/wp-content\/uploads\/2020\/07\/Aximont-JOBS-prace-lis-600x600.jpg 600w, https:\/\/aximont.com\/wp-content\/uploads\/2020\/07\/Aximont-JOBS-prace-lis-800x800.jpg 800w, https:\/\/aximont.com\/wp-content\/uploads\/2020\/07\/Aximont-JOBS-prace-lis.jpg 1000w\" sizes=\"(max-width: 1000px) 100vw, 400px\" \/><\/span><\/div><div class=\"fusion-text fusion-text-7\"><p style=\"text-align: center;\"><span style=\"font-size: var(--body_typography-font-size); font-style: var(--body_typography-font-style,normal); letter-spacing: var(--body_typography-letter-spacing); font-family: Roboto; color: #ffffff; font-weight: bold;\" data-fusion-font=\"true\" data-fusion-google-font=\"Roboto\" data-fusion-google-variant=\"700\" data-fusion-google-subset=\"latin\"><br \/>\n<span style=\"color: #ff0000; font-size: 25px;\" data-fusion-font=\"true\">Obsluha ohra\u0148ovac\u00edho lisu<\/span><\/span><\/p>\n<ul>\n<li><span style=\"color: #ffffff;\"><b>Sm\u011bnnost:<\/b> Jednosm\u011bnn\u00fd provoz<\/span><\/li>\n<li><span style=\"color: #ffffff;\"><b>Minim\u00e1ln\u00ed stupe\u0148 vzd\u011bl\u00e1n\u00ed:<\/b> Z\u00e1kladn\u00ed + praktick\u00e1 \u0161kola<\/span><\/li>\n<li><span style=\"color: #ffffff;\"><b>Nutn\u00e1 praxe v oboru<\/b><\/span><\/li>\n<\/ul>\n<p style=\"text-align: center;\">\n<p style=\"text-align: center;\">\n<\/div><div class=\"fusion-clearfix\"><\/div><\/div><\/div><div class=\"fusion-layout-column fusion_builder_column fusion-builder-column-10 fusion_builder_column_1_3 1_3 fusion-one-third\" style=\"--awb-bg-color:#292b37;--awb-bg-color-hover:#292b37;--awb-bg-size:cover;width:33.3333333333%;width:calc(33.3333333333% - ( ( 4% + 4% ) * 0.333333333333 ) );margin-right: 4%;\"><div class=\"fusion-column-wrapper fusion-column-has-shadow fusion-flex-column-wrapper-legacy\"><div class=\"fusion-image-element in-legacy-container\" style=\"--awb-caption-title-font-family:var(--h2_typography-font-family);--awb-caption-title-font-weight:var(--h2_typography-font-weight);--awb-caption-title-font-style:var(--h2_typography-font-style);--awb-caption-title-size:var(--h2_typography-font-size);--awb-caption-title-transform:var(--h2_typography-text-transform);--awb-caption-title-line-height:var(--h2_typography-line-height);--awb-caption-title-letter-spacing:var(--h2_typography-letter-spacing);\"><span class=\" fusion-imageframe imageframe-none imageframe-2 hover-type-none\"><img decoding=\"async\" width=\"1000\" height=\"1000\" title=\"Aximont-JOBS-prace-lakyrnik\" src=\"http:\/\/aximont.com\/wp-content\/uploads\/2020\/07\/Aximont-JOBS-prace-lakyrnik.jpg\" alt class=\"img-responsive wp-image-1994\" srcset=\"https:\/\/aximont.com\/wp-content\/uploads\/2020\/07\/Aximont-JOBS-prace-lakyrnik-200x200.jpg 200w, https:\/\/aximont.com\/wp-content\/uploads\/2020\/07\/Aximont-JOBS-prace-lakyrnik-400x400.jpg 400w, https:\/\/aximont.com\/wp-content\/uploads\/2020\/07\/Aximont-JOBS-prace-lakyrnik-600x600.jpg 600w, https:\/\/aximont.com\/wp-content\/uploads\/2020\/07\/Aximont-JOBS-prace-lakyrnik-800x800.jpg 800w, https:\/\/aximont.com\/wp-content\/uploads\/2020\/07\/Aximont-JOBS-prace-lakyrnik.jpg 1000w\" sizes=\"(max-width: 1000px) 100vw, 400px\" \/><\/span><\/div><div class=\"fusion-text fusion-text-8\"><p style=\"text-align: center;\"><span style=\"font-size: var(--body_typography-font-size); font-style: var(--body_typography-font-style,normal); letter-spacing: var(--body_typography-letter-spacing); font-family: Roboto; color: #ffffff; font-weight: bold;\" data-fusion-font=\"true\" data-fusion-google-font=\"Roboto\" data-fusion-google-variant=\"700\" data-fusion-google-subset=\"latin\"><br \/>\n<span style=\"color: #ff0000; font-size: 25px;\" data-fusion-font=\"true\">Lak\u00fdrn\u00edk<\/span><\/span><\/p>\n<ul>\n<li><span style=\"color: #ffffff;\"><b>Sm\u011bnnost:<\/b> Jednosm\u011bnn\u00fd provoz<\/span><\/li>\n<li><span style=\"color: #ffffff;\"><b>Minim\u00e1ln\u00ed stupe\u0148 vzd\u011bl\u00e1n\u00ed:<\/b> Z\u00e1kladn\u00ed + praktick\u00e1 \u0161kola<\/span><\/li>\n<li><b style=\"color: #ffffff; font-family: var(--body_typography-font-family); font-size: var(--body_typography-font-size); font-style: var(--body_typography-font-style,normal); letter-spacing: var(--body_typography-letter-spacing);\">Nutn\u00e1 praxe v oboru nebo vyu\u010den\u00ed<\/b><\/li>\n<\/ul>\n<p style=\"text-align: center;\">\u00a0<\/p>\n<p style=\"text-align: center;\">\n<\/div><div class=\"fusion-clearfix\"><\/div><\/div><\/div><div class=\"fusion-layout-column fusion_builder_column fusion-builder-column-11 fusion_builder_column_1_3 1_3 fusion-one-third fusion-column-last\" style=\"--awb-bg-color:#292b37;--awb-bg-color-hover:#292b37;--awb-bg-size:cover;width:33.3333333333%;width:calc(33.3333333333% - ( ( 4% + 4% ) * 0.333333333333 ) );\"><div class=\"fusion-column-wrapper fusion-column-has-shadow fusion-flex-column-wrapper-legacy\"><div class=\"fusion-image-element in-legacy-container\" style=\"--awb-caption-title-font-family:var(--h2_typography-font-family);--awb-caption-title-font-weight:var(--h2_typography-font-weight);--awb-caption-title-font-style:var(--h2_typography-font-style);--awb-caption-title-size:var(--h2_typography-font-size);--awb-caption-title-transform:var(--h2_typography-text-transform);--awb-caption-title-line-height:var(--h2_typography-line-height);--awb-caption-title-letter-spacing:var(--h2_typography-letter-spacing);\"><span class=\" fusion-imageframe imageframe-none imageframe-3 hover-type-none\"><img decoding=\"async\" width=\"1000\" height=\"1000\" title=\"Aximont-JOBS-prace-svarec\" src=\"http:\/\/aximont.com\/wp-content\/uploads\/2020\/07\/Aximont-JOBS-prace-svarec.jpg\" alt class=\"img-responsive wp-image-1996\" srcset=\"https:\/\/aximont.com\/wp-content\/uploads\/2020\/07\/Aximont-JOBS-prace-svarec-200x200.jpg 200w, https:\/\/aximont.com\/wp-content\/uploads\/2020\/07\/Aximont-JOBS-prace-svarec-400x400.jpg 400w, https:\/\/aximont.com\/wp-content\/uploads\/2020\/07\/Aximont-JOBS-prace-svarec-600x600.jpg 600w, https:\/\/aximont.com\/wp-content\/uploads\/2020\/07\/Aximont-JOBS-prace-svarec-800x800.jpg 800w, https:\/\/aximont.com\/wp-content\/uploads\/2020\/07\/Aximont-JOBS-prace-svarec.jpg 1000w\" sizes=\"(max-width: 1000px) 100vw, 400px\" \/><\/span><\/div><div class=\"fusion-text fusion-text-9\"><p style=\"text-align: center;\"><span style=\"font-size: var(--body_typography-font-size); font-style: var(--body_typography-font-style,normal); letter-spacing: var(--body_typography-letter-spacing); font-family: Roboto; color: #ffffff; font-weight: bold;\" data-fusion-font=\"true\" data-fusion-google-font=\"Roboto\" data-fusion-google-variant=\"700\" data-fusion-google-subset=\"latin\"><br \/>\n<span style=\"color: #ff0000; font-size: 25px;\" data-fusion-font=\"true\">Sv\u00e1\u0159e\u010d<\/span><\/span><\/p>\n<ul>\n<li><span style=\"color: #ffffff;\"><b>Sm\u011bnnost:<\/b> Jednosm\u011bnn\u00fd provoz<\/span><\/li>\n<li><span style=\"color: #ffffff;\"><b>Minim\u00e1ln\u00ed stupe\u0148 vzd\u011bl\u00e1n\u00ed:<\/b> Z\u00e1kladn\u00ed + praktick\u00e1 \u0161kola<\/span><\/li>\n<li><b style=\"color: #ffffff;\">Nutn\u00e1 praxe v oboru nebo vyu\u010den\u00ed<\/b><\/li>\n<\/ul>\n<p style=\"text-align: center;\">\u00a0<\/p>\n<p style=\"text-align: center;\">\n<\/div><div class=\"fusion-clearfix\"><\/div><\/div><\/div><div class=\"fusion-layout-column fusion_builder_column fusion-builder-column-12 fusion_builder_column_1_5 1_5 fusion-one-fifth fusion-column-first\" style=\"--awb-bg-size:cover;width:20%;width:calc(20% - ( ( 4% + 4% ) * 0.2 ) );margin-right: 4%;\"><div class=\"fusion-column-wrapper fusion-column-has-shadow fusion-flex-column-wrapper-legacy\"><div class=\"fusion-clearfix\"><\/div><\/div><\/div><div class=\"fusion-layout-column fusion_builder_column fusion-builder-column-13 fusion_builder_column_3_5 3_5 fusion-three-fifth\" style=\"--awb-bg-size:cover;--awb-margin-top:40px;width:60%;width:calc(60% - ( ( 4% + 4% ) * 0.6 ) );margin-right: 4%;\"><div class=\"fusion-column-wrapper fusion-column-has-shadow fusion-flex-column-wrapper-legacy\"><div class=\"fusion-aligncenter\"><a class=\"fusion-button button-flat button-xlarge button-custom fusion-button-default button-1 fusion-button-span-no fusion-button-default-type fusion-has-button-gradient\" style=\"--button_accent_color:#ffffff;--button_border_color:#ffffff;--button_accent_hover_color:#db0707;--button_border_hover_color:#000000;--button_gradient_top_color:#e80707;--button_gradient_bottom_color:#d60707;--button_gradient_top_color_hover:#ffffff;--button_gradient_bottom_color_hover:#ffffff;\" target=\"_self\" href=\"http:\/\/aximont.com\/kariera\/\"><span class=\"fusion-button-text awb-button__text awb-button__text--default\">P\u0158IPOJ SE K N\u00c1M<\/span><\/a><\/div><div class=\"fusion-clearfix\"><\/div><\/div><\/div><div class=\"fusion-layout-column fusion_builder_column fusion-builder-column-14 fusion_builder_column_1_5 1_5 fusion-one-fifth fusion-column-last\" style=\"--awb-bg-size:cover;width:20%;width:calc(20% - ( ( 4% + 4% ) * 0.2 ) );\"><div class=\"fusion-column-wrapper fusion-column-has-shadow fusion-flex-column-wrapper-legacy\"><div class=\"fusion-clearfix\"><\/div><\/div><\/div><\/div><\/div><div class=\"fusion-fullwidth fullwidth-box fusion-builder-row-4 hundred-percent-fullwidth non-hundred-percent-height-scrolling\" style=\"--awb-border-radius-top-left:0px;--awb-border-radius-top-right:0px;--awb-border-radius-bottom-right:0px;--awb-border-radius-bottom-left:0px;--awb-padding-top:0px;--awb-padding-right:0px;--awb-padding-bottom:0px;--awb-padding-left:0px;--awb-margin-top:0px;--awb-margin-bottom:0px;--awb-background-color:#2a2b38;--awb-flex-wrap:wrap;\" ><div class=\"fusion-builder-row fusion-row\"><\/div><\/div><\/p>\n","protected":false},"excerpt":{"rendered":"","protected":false},"author":1,"featured_media":0,"parent":0,"menu_order":0,"comment_status":"closed","ping_status":"closed","template":"100-width.php","meta":{"footnotes":""},"class_list":["post-2225","page","type-page","status-publish","hentry"],"translation":{"provider":"WPGlobus","version":"3.0.2","language":"de","enabled_languages":["cz","en","de"],"languages":{"cz":{"title":true,"content":true,"excerpt":false},"en":{"title":false,"content":false,"excerpt":false},"de":{"title":false,"content":false,"excerpt":false}}},"_links":{"self":[{"href":"https:\/\/aximont.com\/de\/wp-json\/wp\/v2\/pages\/2225","targetHints":{"allow":["GET"]}}],"collection":[{"href":"https:\/\/aximont.com\/de\/wp-json\/wp\/v2\/pages"}],"about":[{"href":"https:\/\/aximont.com\/de\/wp-json\/wp\/v2\/types\/page"}],"author":[{"embeddable":true,"href":"https:\/\/aximont.com\/de\/wp-json\/wp\/v2\/users\/1"}],"replies":[{"embeddable":true,"href":"https:\/\/aximont.com\/de\/wp-json\/wp\/v2\/comments?post=2225"}],"version-history":[{"count":10,"href":"https:\/\/aximont.com\/de\/wp-json\/wp\/v2\/pages\/2225\/revisions"}],"predecessor-version":[{"id":2316,"href":"https:\/\/aximont.com\/de\/wp-json\/wp\/v2\/pages\/2225\/revisions\/2316"}],"wp:attachment":[{"href":"https:\/\/aximont.com\/de\/wp-json\/wp\/v2\/media?parent=2225"}],"curies":[{"name":"wp","href":"https:\/\/api.w.org\/{rel}","templated":true}]}}