{"id":270,"date":"2017-10-17T18:44:25","date_gmt":"2017-10-17T16:44:25","guid":{"rendered":"http:\/\/aximont.com\/web\/?page_id=270"},"modified":"2017-10-18T17:39:06","modified_gmt":"2017-10-18T15:39:06","slug":"nabytkove-trezory-ant","status":"publish","type":"page","link":"https:\/\/aximont.com\/de\/nabytkove-trezory-ant\/","title":{"rendered":"M\u00f6beltresore ANT"},"content":{"rendered":"<h3>M\u00f6beltresore ANT<\/h3>\n<p align=\"justify\">Diese Tresorschr\u00e4nke haben ein Zertifikat nach \u010cSN 1143-1 von einem akkreditierten Zertifikatsorgan \u00a0TREZOR TEST s.r.o. und sind in der Sicherheitsklasse \u201eI\u201c. DieTresore haben ein Zertifikat NB\u00da in dem Verheimlichungsgrad \u201eHEIMLICH\u201c (Zertifikat Nummer T0186\/2003).<\/p>\n<p align=\"justify\">Die Tresore sind durch die Ausf\u00fchrung zur Verankerung zum Boden oder zur Wand bestimmt.<\/p>\n<p><img decoding=\"async\" class=\"alignnone wp-image-290 size-large\" src=\"http:\/\/aximont.com\/web\/wp-content\/uploads\/2017\/10\/n\u00e1bytkov\u00e9-trezory-ant-de-page-001-1024x271.jpg\" alt=\"\" width=\"800\" height=\"212\" srcset=\"https:\/\/aximont.com\/wp-content\/uploads\/2017\/10\/n\u00e1bytkov\u00e9-trezory-ant-de-page-001-300x79.jpg 300w, https:\/\/aximont.com\/wp-content\/uploads\/2017\/10\/n\u00e1bytkov\u00e9-trezory-ant-de-page-001-768x203.jpg 768w, https:\/\/aximont.com\/wp-content\/uploads\/2017\/10\/n\u00e1bytkov\u00e9-trezory-ant-de-page-001-1024x271.jpg 1024w, https:\/\/aximont.com\/wp-content\/uploads\/2017\/10\/n\u00e1bytkov\u00e9-trezory-ant-de-page-001.jpg 3576w\" sizes=\"(max-width: 800px) 100vw, 800px\" \/><\/p>\n<div id=\"grid-gallery-4-68034\" data-gg-id=\"4\" data-title=\"ANT\" data-grid-type=\"1\" data-offset=\"17.3\" data-area-position=\"right\" data-icons=\"\" data-preloader=\"false\" data-width=\"225\" data-height=\"\" data-padding=\"0\" data-quicksand=\"disabled\" data-quicksand-duration=\"none\" data-popup-theme=\"theme_3\" data-popup-type=\"colorbox\" data-popup-fadeOut=\"300\" data-popup-image-text=\"data-description\" data-popup-widthsize=\"auto\" data-popup-heightsize=\"auto\" data-popup-i18n-words=\"{&quot;close&quot;:&quot;schlie\\u00dfen&quot;,&quot;next&quot;:&quot;n\\u00e4chste&quot;,&quot;previous&quot;:&quot;vorherige&quot;,&quot;start_slideshow&quot;:&quot;Starte Slideshow&quot;,&quot;stop_slideshow&quot;:&quot;Stoppe Slideshow&quot;,&quot;image&quot;:&quot;Bild&quot;,&quot;of&quot;:&quot;von&quot;,&quot;prev&quot;:&quot;vorherige&quot;,&quot;cExpand&quot;:&quot;Erweitere&quot;,&quot;cPrevious&quot;:&quot;Vorheriges&quot;,&quot;cNext&quot;:&quot;N\\u00e4chstes&quot;,&quot;cExpandStr&quot;:&quot;Erweitere Bild&quot;,&quot;cRotate&quot;:&quot;Rotate&quot;,&quot;cDetails&quot;:&quot;Details&quot;}\" data-popup-slideshow=\"false\" data-popup-slideshow-speed=\"2500\" data-popup-hoverstop=\"false\" data-popup-slideshow-auto=\"false\" data-popup-background=\"#bfbfbf\" data-popup-transparency=\"30\" data-popup-disable-history=\"\" data-popup-disable-changed-url=\"\" data-popup-border-type=\"\" data-popup-border-color=\"\" data-popup-border-width=\"\" data-popup-border-enable=\"\" data-fullscreen=\"false\" data-hide-tooltip=\"false\" data-caption-font-family=\"Default\" data-caption-text-size=\"140\" data-is-mobile=\"0\" data-caption-mobile=\"false\" data-hide-long-tltp-title=\"0\" data-caption-disabled-on-mobile=\"false\" data-popup-placement-type=\"0\" data-social-sharing=\"{&quot;enabled&quot;:&quot;&quot;,&quot;gallerySharing&quot;:{&quot;enabled&quot;:null,&quot;position&quot;:null},&quot;imageSharing&quot;:{&quot;enabled&quot;:null,&quot;wrapperClass&quot;:&quot; vertical &quot;},&quot;popupSharing&quot;:{&quot;enabled&quot;:null,&quot;wrapperClass&quot;:&quot; vertical &quot;}}\" class=\"grid-gallery grid-gallery-fluid-height \" style=\" width:1200; height:auto; float: left;position:relative;\"> <div class=\"gallery-sharing-top\" style=\"display:none;\"> <\/div> <div id=\"photos-4\" class=\"grid-gallery-photos\"><FIGURE class=\"grid-gallery-caption\" data-grid-gallery-type=\"quarter-slide-up\" data-index=\"0\" style=\"display:none;border-radius:00;; margin:17.3px; width:2250;\" ><div class=\"crop\" style=\"\"><img decoding=\"async\" src=\"http:\/\/aximont.com\/wp-content\/uploads\/2019\/01\/T001-1-225x281.jpg\" class=\"ggImg\" alt=\"T001\" title=\"T001\" data-description=\"T001\" data-caption=\"T001\" data-title=\"T001\" style=\" width:225px;\" \/><\/div><FIGCAPTION class=\"\" data-alpha=\"5\" style=\"color:#ffffff; background-color:#6f0000; font-size:140; text-align:left; font-family:Default;\" ><div class=\"grid-gallery-figcaption-wrap\" style=\"\"><\/div><\/FIGCAPTION><\/FIGURE><FIGURE class=\"grid-gallery-caption\" data-grid-gallery-type=\"quarter-slide-up\" data-index=\"1\" style=\"display:none;border-radius:00;; margin:17.3px; width:2250;\" ><div class=\"crop\" style=\"\"><img decoding=\"async\" src=\"http:\/\/aximont.com\/wp-content\/uploads\/2019\/01\/T001_O-1-225x281.jpg\" class=\"ggImg\" alt=\"T001_O\" title=\"T001_O\" data-description=\"T001_O\" data-caption=\"T001_O\" data-title=\"T001_O\" style=\" width:225px;\" \/><\/div><FIGCAPTION class=\"\" data-alpha=\"5\" style=\"color:#ffffff; background-color:#6f0000; font-size:140; text-align:left; font-family:Default;\" ><div class=\"grid-gallery-figcaption-wrap\" style=\"\"><\/div><\/FIGCAPTION><\/FIGURE> <div class=\"grid-gallery-clearfix\"><\/div> <\/div> <div class=\"gallery-sharing-bottom\" style=\"display:none;\"> <\/div> <div class=\"gallery-sharing-image\" style=\"display:none;\"> <\/div> <div class=\"gallery-sharing-popup\" style=\"display:none;\"> <\/div> <div class=\"grid-gallery-clearfix\"><\/div> <\/div> <!-- Gallery by Supsystic plugin1.16.0 --><a title=\"WordPress Image Gallery Plugin\" style=\"display:none;\" href=\"https:\/\/supsystic.com\/plugins\/photo-gallery\/?utm_medium=love_link\" target=\"_blank\">WordPress Image Gallery Plugin<\/a>\n<p><strong>Feuersicherheit:<\/strong><\/p>\n<p>feuerbest\u00e4ndige Sicherung bei dem leichten Brand<\/p>\n<p>Intermantelraum ist von dem feuerbest\u00e4ndigen Material ausgef\u00fcllt, das<\/p>\n<p>ist unbrennbar nach DIN 4102 \u2013 Klasse \u201eA\u201c<\/p>\n<p>&nbsp;<\/p>\n<p>\u00a0<strong>Grundausstattung:<\/strong><\/p>\n<ul>\n<li>die Dreimantelausf\u00fchrung<\/li>\n<li>das Schl\u00fcsselsicherheitschloss<\/li>\n<li>der Schild, die Klinke<\/li>\n<li>stellbare Fachb\u00f6den<\/li>\n<\/ul>\n<p>&nbsp;<\/p>\n<p><strong>Lackierung:<\/strong><\/p>\n<ul>\n<li>RAL9002 \u2013 grauwei\u00df<\/li>\n<li>RAL7016 \u2013 anthrazitisch grau<\/li>\n<li>RAL7035 \u2013 grau<\/li>\n<li>RAL9005 \u2013 schwarz<\/li>\n<\/ul>\n<p>&nbsp;<\/p>\n<p><strong>Sonderaustattung:<\/strong>\u00a0 teleskopische Fachb\u00f6den, mehr Fachb\u00f6den, eine Klinke, andere Stufe RAL, mechanische oder elektronische Kodeschl\u00f6sser, m\u00f6glich auch atypische Einbauten des Innenraums der Schr\u00e4nke<\/p>\n<div id=\"grid-gallery-5-34043\" data-gg-id=\"5\" data-title=\"ANT certifikat\" data-grid-type=\"1\" data-offset=\"31.3\" data-area-position=\"center\" data-icons=\"\" data-preloader=\"false\" data-width=\"154\" data-height=\"\" data-padding=\"27\" data-quicksand=\"disabled\" data-quicksand-duration=\"none\" data-popup-theme=\"theme_3\" data-popup-type=\"colorbox\" data-popup-fadeOut=\"300\" data-popup-image-text=\"data-description\" data-popup-widthsize=\"auto\" data-popup-heightsize=\"auto\" data-popup-i18n-words=\"{&quot;close&quot;:&quot;schlie\\u00dfen&quot;,&quot;next&quot;:&quot;n\\u00e4chste&quot;,&quot;previous&quot;:&quot;vorherige&quot;,&quot;start_slideshow&quot;:&quot;Starte Slideshow&quot;,&quot;stop_slideshow&quot;:&quot;Stoppe Slideshow&quot;,&quot;image&quot;:&quot;Bild&quot;,&quot;of&quot;:&quot;von&quot;,&quot;prev&quot;:&quot;vorherige&quot;,&quot;cExpand&quot;:&quot;Erweitere&quot;,&quot;cPrevious&quot;:&quot;Vorheriges&quot;,&quot;cNext&quot;:&quot;N\\u00e4chstes&quot;,&quot;cExpandStr&quot;:&quot;Erweitere Bild&quot;,&quot;cRotate&quot;:&quot;Rotate&quot;,&quot;cDetails&quot;:&quot;Details&quot;}\" data-popup-slideshow=\"false\" data-popup-slideshow-speed=\"2500\" data-popup-hoverstop=\"false\" data-popup-slideshow-auto=\"false\" data-popup-background=\"#bfbfbf\" data-popup-transparency=\"30\" data-popup-disable-history=\"\" data-popup-disable-changed-url=\"\" data-popup-border-type=\"\" data-popup-border-color=\"\" data-popup-border-width=\"\" data-popup-border-enable=\"\" data-fullscreen=\"true\" data-hide-tooltip=\"false\" data-caption-font-family=\"Default\" data-caption-text-size=\"140\" data-is-mobile=\"0\" data-caption-mobile=\"false\" data-hide-long-tltp-title=\"0\" data-caption-disabled-on-mobile=\"false\" data-popup-placement-type=\"0\" data-social-sharing=\"{&quot;enabled&quot;:&quot;&quot;,&quot;gallerySharing&quot;:{&quot;enabled&quot;:null,&quot;position&quot;:null},&quot;imageSharing&quot;:{&quot;enabled&quot;:null,&quot;wrapperClass&quot;:&quot; vertical &quot;},&quot;popupSharing&quot;:{&quot;enabled&quot;:null,&quot;wrapperClass&quot;:&quot; vertical &quot;}}\" class=\"grid-gallery grid-gallery-fluid-height \" style=\" width:3410; height:auto; margin-left:auto; margin-right:auto;position:relative;\"> <div class=\"gallery-sharing-top\" style=\"display:none;\"> <\/div> <div id=\"photos-5\" class=\"grid-gallery-photos\"><FIGURE class=\"grid-gallery-caption\" data-grid-gallery-type=\"quarter-slide-up\" data-index=\"0\" style=\"display:none;border-radius:00;; margin:31.3px; width:1540;\" ><div class=\"crop\" style=\"\"><img decoding=\"async\" src=\"http:\/\/aximont.com\/wp-content\/uploads\/2017\/11\/ANT-page-001-154x211.jpg\" class=\"ggImg\" alt=\"ANT-page-001\" title=\"ANT-page-001\" data-description=\"ANT-page-001\" data-caption=\"ANT-page-001\" data-title=\"ANT-page-001\" style=\" width:154px;\" \/><\/div><FIGCAPTION class=\"\" data-alpha=\"5\" style=\"color:#ffffff; background-color:#6f0000; font-size:140; text-align:left; font-family:Default;\" ><div class=\"grid-gallery-figcaption-wrap\" style=\"\"><\/div><\/FIGCAPTION><\/FIGURE><FIGURE class=\"grid-gallery-caption\" data-grid-gallery-type=\"quarter-slide-up\" data-index=\"1\" style=\"display:none;border-radius:00;; margin:31.3px; width:1540;\" ><div class=\"crop\" style=\"\"><img decoding=\"async\" src=\"http:\/\/aximont.com\/wp-content\/uploads\/2017\/11\/ANT_NBU-page-001-154x218.jpg\" class=\"ggImg\" alt=\"ANT_NBU-page-001\" title=\"ANT_NBU-page-001\" data-description=\"ANT_NBU-page-001\" data-caption=\"ANT_NBU-page-001\" data-title=\"ANT_NBU-page-001\" style=\" width:154px;\" \/><\/div><FIGCAPTION class=\"\" data-alpha=\"5\" style=\"color:#ffffff; background-color:#6f0000; font-size:140; text-align:left; font-family:Default;\" ><div class=\"grid-gallery-figcaption-wrap\" style=\"\"><\/div><\/FIGCAPTION><\/FIGURE> <div class=\"grid-gallery-clearfix\"><\/div> <\/div> <div class=\"gallery-sharing-bottom\" style=\"display:none;\"> <\/div> <div class=\"gallery-sharing-image\" style=\"display:none;\"> <\/div> <div class=\"gallery-sharing-popup\" style=\"display:none;\"> <\/div> <div class=\"grid-gallery-clearfix\"><\/div> <\/div> <!-- Gallery by Supsystic plugin1.16.0 --><a title=\"WordPress Image Gallery Plugin\" style=\"display:none;\" href=\"https:\/\/supsystic.com\/plugins\/photo-gallery\/?utm_medium=love_link\" target=\"_blank\">WordPress Image Gallery Plugin<\/a>\n","protected":false},"excerpt":{"rendered":"<p>M\u00f6beltresore ANT Diese Tresorschr\u00e4nke haben ein Zertifikat nach \u010cSN 1143-1 von einem akkreditierten Zertifikatsorgan \u00a0TREZOR TEST s.r.o. und sind in der Sicherheitsklasse \u201eI\u201c. DieTresore haben ein Zertifikat NB\u00da in dem Verheimlichungsgrad \u201eHEIMLICH\u201c (Zertifikat Nummer T0186\/2003). Die Tresore sind durch die Ausf\u00fchrung zur Verankerung zum Boden oder zur Wand bestimmt. Feuersicherheit: feuerbest\u00e4ndige Sicherung bei dem leichten Brand Intermantelraum ist von dem feuerbest\u00e4ndigen Material ausgef\u00fcllt, das ist unbrennbar nach DIN 4102 \u2013 Klasse \u201eA\u201c &nbsp; \u00a0Grundausstattung: die Dreimantelausf\u00fchrung das Schl\u00fcsselsicherheitschloss der Schild,  [&#8230;]<\/p>\n","protected":false},"author":1,"featured_media":0,"parent":0,"menu_order":0,"comment_status":"closed","ping_status":"closed","template":"","meta":{"footnotes":""},"class_list":["post-270","page","type-page","status-publish","hentry"],"translation":{"provider":"WPGlobus","version":"3.0.2","language":"de","enabled_languages":["cz","en","de"],"languages":{"cz":{"title":true,"content":true,"excerpt":false},"en":{"title":true,"content":true,"excerpt":false},"de":{"title":true,"content":true,"excerpt":false}}},"_links":{"self":[{"href":"https:\/\/aximont.com\/de\/wp-json\/wp\/v2\/pages\/270","targetHints":{"allow":["GET"]}}],"collection":[{"href":"https:\/\/aximont.com\/de\/wp-json\/wp\/v2\/pages"}],"about":[{"href":"https:\/\/aximont.com\/de\/wp-json\/wp\/v2\/types\/page"}],"author":[{"embeddable":true,"href":"https:\/\/aximont.com\/de\/wp-json\/wp\/v2\/users\/1"}],"replies":[{"embeddable":true,"href":"https:\/\/aximont.com\/de\/wp-json\/wp\/v2\/comments?post=270"}],"version-history":[{"count":19,"href":"https:\/\/aximont.com\/de\/wp-json\/wp\/v2\/pages\/270\/revisions"}],"predecessor-version":[{"id":346,"href":"https:\/\/aximont.com\/de\/wp-json\/wp\/v2\/pages\/270\/revisions\/346"}],"wp:attachment":[{"href":"https:\/\/aximont.com\/de\/wp-json\/wp\/v2\/media?parent=270"}],"curies":[{"name":"wp","href":"https:\/\/api.w.org\/{rel}","templated":true}]}}