{"id":327,"date":"2017-10-18T11:43:55","date_gmt":"2017-10-18T09:43:55","guid":{"rendered":"http:\/\/aximont.com\/web\/?page_id=327"},"modified":"2019-01-16T04:14:29","modified_gmt":"2019-01-16T03:14:29","slug":"archivni-skrine-rady-hs","status":"publish","type":"page","link":"https:\/\/aximont.com\/de\/archivni-skrine-rady-hs\/","title":{"rendered":"Archivschr\u00e4nke der HS-Serie"},"content":{"rendered":"<h3>Archivschr\u00e4nke der HS-Serie<\/h3>\n<p>Diese Tresorschr\u00e4nke haben eine Bescheinigung von dem Gerichtssachverst\u00e4ndigen im Fach. Zur Erh\u00f6hung der Sicherheit empfehlen wir diese Schr\u00e4nke zum Boden oder zur Wand zu verankern.<\/p>\n<p>&nbsp;<\/p>\n<p><img decoding=\"async\" class=\"alignnone wp-image-339 size-large\" src=\"http:\/\/aximont.com\/web\/wp-content\/uploads\/2017\/10\/hs-de-page-001-1024x202.jpg\" alt=\"\" width=\"800\" height=\"158\" srcset=\"https:\/\/aximont.com\/wp-content\/uploads\/2017\/10\/hs-de-page-001-300x59.jpg 300w, https:\/\/aximont.com\/wp-content\/uploads\/2017\/10\/hs-de-page-001-768x151.jpg 768w, https:\/\/aximont.com\/wp-content\/uploads\/2017\/10\/hs-de-page-001-1024x202.jpg 1024w, https:\/\/aximont.com\/wp-content\/uploads\/2017\/10\/hs-de-page-001.jpg 4199w\" sizes=\"(max-width: 800px) 100vw, 800px\" \/><\/p>\n<p>&nbsp;<\/p>\n<p>&nbsp;<\/p>\n<div id=\"grid-gallery-7-53539\" data-gg-id=\"7\" data-title=\"HS\" data-grid-type=\"1\" data-offset=\"22.3\" data-area-position=\"right\" data-icons=\"\" data-preloader=\"false\" data-width=\"205\" data-height=\"\" data-padding=\"0\" data-quicksand=\"disabled\" data-quicksand-duration=\"none\" data-popup-theme=\"theme_3\" data-popup-type=\"colorbox\" data-popup-fadeOut=\"300\" data-popup-image-text=\"data-description\" data-popup-widthsize=\"auto\" data-popup-heightsize=\"auto\" data-popup-i18n-words=\"{&quot;close&quot;:&quot;schlie\\u00dfen&quot;,&quot;next&quot;:&quot;n\\u00e4chste&quot;,&quot;previous&quot;:&quot;vorherige&quot;,&quot;start_slideshow&quot;:&quot;Starte Slideshow&quot;,&quot;stop_slideshow&quot;:&quot;Stoppe Slideshow&quot;,&quot;image&quot;:&quot;Bild&quot;,&quot;of&quot;:&quot;von&quot;,&quot;prev&quot;:&quot;vorherige&quot;,&quot;cExpand&quot;:&quot;Erweitere&quot;,&quot;cPrevious&quot;:&quot;Vorheriges&quot;,&quot;cNext&quot;:&quot;N\\u00e4chstes&quot;,&quot;cExpandStr&quot;:&quot;Erweitere Bild&quot;,&quot;cRotate&quot;:&quot;Rotate&quot;,&quot;cDetails&quot;:&quot;Details&quot;}\" data-popup-slideshow=\"false\" data-popup-slideshow-speed=\"2500\" data-popup-hoverstop=\"false\" data-popup-slideshow-auto=\"false\" data-popup-background=\"#bfbfbf\" data-popup-transparency=\"30\" data-popup-disable-history=\"\" data-popup-disable-changed-url=\"\" data-popup-border-type=\"\" data-popup-border-color=\"\" data-popup-border-width=\"\" data-popup-border-enable=\"\" data-fullscreen=\"false\" data-hide-tooltip=\"false\" data-caption-font-family=\"Default\" data-caption-text-size=\"140\" data-is-mobile=\"0\" data-caption-mobile=\"false\" data-hide-long-tltp-title=\"0\" data-caption-disabled-on-mobile=\"false\" data-popup-placement-type=\"0\" data-social-sharing=\"{&quot;enabled&quot;:&quot;&quot;,&quot;gallerySharing&quot;:{&quot;enabled&quot;:null,&quot;position&quot;:null},&quot;imageSharing&quot;:{&quot;enabled&quot;:null,&quot;wrapperClass&quot;:&quot; vertical &quot;},&quot;popupSharing&quot;:{&quot;enabled&quot;:null,&quot;wrapperClass&quot;:&quot; vertical &quot;}}\" class=\"grid-gallery grid-gallery-fluid-height one-photo \" style=\" width:1020; height:auto; float: left;position:relative;\"> <div class=\"gallery-sharing-top\" style=\"display:none;\"> <\/div> <div id=\"photos-7\" class=\"grid-gallery-photos\"><FIGURE class=\"grid-gallery-caption\" data-grid-gallery-type=\"quarter-slide-up\" data-index=\"0\" style=\"display:none;border-radius:00;; margin:22.3px; width:2050;\" ><div class=\"crop\" style=\"\"><img decoding=\"async\" src=\"http:\/\/aximont.com\/wp-content\/uploads\/2019\/01\/T007_O-205x256.jpg\" class=\"ggImg\" alt=\"T007_O\" title=\"T007_O\" data-description=\"T007_O\" data-caption=\"T007_O\" data-title=\"T007_O\" style=\" width:205px;\" \/><\/div><FIGCAPTION class=\"\" data-alpha=\"5\" style=\"color:#ffffff; background-color:#6f0000; font-size:140; text-align:left; font-family:Default;\" ><div class=\"grid-gallery-figcaption-wrap\" style=\"\"><\/div><\/FIGCAPTION><\/FIGURE><FIGURE class=\"grid-gallery-caption hidden-item\" data-grid-gallery-type=\"quarter-slide-up\" data-index=\"1\" style=\"display:none;border-radius:00;; margin:22.3px; width:2050;\" ><div class=\"crop\" style=\"\"><img decoding=\"async\" src=\"http:\/\/aximont.com\/wp-content\/uploads\/2019\/01\/T007-205x256.jpg\" class=\"ggImg\" alt=\"T007\" title=\"T007\" data-description=\"T007\" data-caption=\"T007\" data-title=\"T007\" style=\" width:205px;\" \/><\/div><FIGCAPTION class=\"\" data-alpha=\"5\" style=\"color:#ffffff; background-color:#6f0000; font-size:140; text-align:left; font-family:Default;\" ><div class=\"grid-gallery-figcaption-wrap\" style=\"\"><\/div><\/FIGCAPTION><\/FIGURE> <div class=\"grid-gallery-clearfix\"><\/div> <\/div> <div class=\"gallery-sharing-bottom\" style=\"display:none;\"> <\/div> <div class=\"gallery-sharing-image\" style=\"display:none;\"> <\/div> <div class=\"gallery-sharing-popup\" style=\"display:none;\"> <\/div> <div class=\"grid-gallery-clearfix\"><\/div> <\/div> <!-- Gallery by Supsystic plugin1.16.0 --><a title=\"WordPress Image Gallery Plugin\" style=\"display:none;\" href=\"https:\/\/supsystic.com\/plugins\/photo-gallery\/?utm_medium=love_link\" target=\"_blank\">WordPress Image Gallery Plugin<\/a>\n<p><b>Feuersicherheit<\/b><strong>:<\/strong><\/p>\n<p>Feuerbest\u00e4ndige Sicherung bei dem leichten Brand<\/p>\n<p>Intermantelraum ist von dem feuerbest\u00e4ndigen Material ausgef\u00fcllt, das ist<\/p>\n<p>unbrennbar nach DIN 4102 \u2013 Klasse \u201eA\u201c<\/p>\n<p>&nbsp;<\/p>\n<p><strong>Grundausstattung<\/strong><strong>:<\/strong><\/p>\n<ul>\n<li>die Zweimantelausf\u00fchrung mit der Isolation<\/li>\n<li>das Schl\u00fcsselsicherheitsschloss,\u00a0die Klinke<\/li>\n<li>Au\u00dfent\u00fcrbander<\/li>\n<li>stellbare Fachb\u00f6den<\/li>\n<\/ul>\n<p>&nbsp;<\/p>\n<p><b>Lackierung<\/b><strong>:<\/strong><\/p>\n<ul>\n<li>RAL9002 \u2013\u00a0grauwei\u00df<\/li>\n<li>RAL7016 \u2013\u00a0anthrazitisch grau<\/li>\n<li>RAL7035 \u2013\u00a0grau<\/li>\n<li>RAL9005 \u2013\u00a0schwarz<\/li>\n<\/ul>\n<p>&nbsp;<\/p>\n<p><b>Sonderaustattung<\/b><strong>:\u00a0<\/strong>\u00a0teleskopische Fachb\u00f6den, mehr Fachb\u00f6den, eine Klinke, andere Stufe RAL, mechanische oder elektronische Kodeschl\u00f6sser, m\u00f6glich auch atypische Einbauten des Innenraums der Schr\u00e4nke. Im Auftrage fertigen wir die Schr\u00e4nke in den atypischen Ma\u00dfen an<\/p>\n","protected":false},"excerpt":{"rendered":"<p>Archivschr\u00e4nke der HS-Serie Diese Tresorschr\u00e4nke haben eine Bescheinigung von dem Gerichtssachverst\u00e4ndigen im Fach. Zur Erh\u00f6hung der Sicherheit empfehlen wir diese Schr\u00e4nke zum Boden oder zur Wand zu verankern. &nbsp; &nbsp; &nbsp; \u00a0 \u00a0\u00a0 Feuersicherheit: Feuerbest\u00e4ndige Sicherung bei dem leichten Brand Intermantelraum ist von dem feuerbest\u00e4ndigen Material ausgef\u00fcllt, das ist unbrennbar nach DIN 4102 \u2013 Klasse \u201eA\u201c &nbsp; Grundausstattung: die Zweimantelausf\u00fchrung mit der Isolation das Schl\u00fcsselsicherheitsschloss,\u00a0die Klinke Au\u00dfent\u00fcrbander stellbare Fachb\u00f6den &nbsp; Lackierung: RAL9002 \u2013\u00a0grauwei\u00df RAL7016 \u2013\u00a0anthrazitisch grau RAL7035 \u2013\u00a0grau RAL9005 \u2013\u00a0schwarz  [&#8230;]<\/p>\n","protected":false},"author":1,"featured_media":0,"parent":0,"menu_order":0,"comment_status":"closed","ping_status":"closed","template":"","meta":{"footnotes":""},"class_list":["post-327","page","type-page","status-publish","hentry"],"translation":{"provider":"WPGlobus","version":"3.0.2","language":"de","enabled_languages":["cz","en","de"],"languages":{"cz":{"title":true,"content":true,"excerpt":false},"en":{"title":true,"content":true,"excerpt":false},"de":{"title":true,"content":true,"excerpt":false}}},"_links":{"self":[{"href":"https:\/\/aximont.com\/de\/wp-json\/wp\/v2\/pages\/327","targetHints":{"allow":["GET"]}}],"collection":[{"href":"https:\/\/aximont.com\/de\/wp-json\/wp\/v2\/pages"}],"about":[{"href":"https:\/\/aximont.com\/de\/wp-json\/wp\/v2\/types\/page"}],"author":[{"embeddable":true,"href":"https:\/\/aximont.com\/de\/wp-json\/wp\/v2\/users\/1"}],"replies":[{"embeddable":true,"href":"https:\/\/aximont.com\/de\/wp-json\/wp\/v2\/comments?post=327"}],"version-history":[{"count":10,"href":"https:\/\/aximont.com\/de\/wp-json\/wp\/v2\/pages\/327\/revisions"}],"predecessor-version":[{"id":342,"href":"https:\/\/aximont.com\/de\/wp-json\/wp\/v2\/pages\/327\/revisions\/342"}],"wp:attachment":[{"href":"https:\/\/aximont.com\/de\/wp-json\/wp\/v2\/media?parent=327"}],"curies":[{"name":"wp","href":"https:\/\/api.w.org\/{rel}","templated":true}]}}