{"id":343,"date":"2017-10-18T17:44:56","date_gmt":"2017-10-18T15:44:56","guid":{"rendered":"http:\/\/aximont.com\/web\/?page_id=343"},"modified":"2017-10-23T09:36:54","modified_gmt":"2017-10-23T07:36:54","slug":"nabytkove-trezory-st","status":"publish","type":"page","link":"https:\/\/aximont.com\/de\/nabytkove-trezory-st\/","title":{"rendered":"M\u00f6beltresore ST"},"content":{"rendered":"<h3>M\u00f6beltresore ST<\/h3>\n<p>&nbsp;<\/p>\n<p>Tyto trezory jsou ur\u010deny k<span lang=\"en\">\u00a0<\/span>zabudov\u00e1n\u00ed do st\u011bny. Maj\u00ed certifik\u00e1t od soudn\u00edho znalce v\u00a0oboru a dosahuj\u00ed dle \u010cSN 1143\/1 pr\u016flomov\u00fdch hodnot RU pro \u010d\u00e1ste\u010dn\u00fd pr\u016flom 25<span lang=\"en\">\u00a0<\/span>RU, pro \u00fapln\u00fd pr\u016flom 35 RU.<\/p>\n<p>&nbsp;<\/p>\n<p><img decoding=\"async\" class=\"alignnone wp-image-364 size-large\" src=\"http:\/\/aximont.com\/web\/wp-content\/uploads\/2017\/10\/st-de-page-001-1-1024x302.jpg\" alt=\"\" width=\"800\" height=\"236\" srcset=\"https:\/\/aximont.com\/wp-content\/uploads\/2017\/10\/st-de-page-001-1-300x89.jpg 300w, https:\/\/aximont.com\/wp-content\/uploads\/2017\/10\/st-de-page-001-1-768x227.jpg 768w, https:\/\/aximont.com\/wp-content\/uploads\/2017\/10\/st-de-page-001-1-1024x302.jpg 1024w, https:\/\/aximont.com\/wp-content\/uploads\/2017\/10\/st-de-page-001-1.jpg 3199w\" sizes=\"(max-width: 800px) 100vw, 800px\" \/><\/p>\n<p>&nbsp;<\/p>\n<div id=\"grid-gallery-8-53839\" data-gg-id=\"8\" data-title=\"ST\" data-grid-type=\"1\" data-offset=\"22.3\" data-area-position=\"right\" data-icons=\"\" data-preloader=\"false\" data-width=\"205\" data-height=\"\" data-padding=\"0\" data-quicksand=\"disabled\" data-quicksand-duration=\"none\" data-popup-theme=\"theme_3\" data-popup-type=\"colorbox\" data-popup-fadeOut=\"300\" data-popup-image-text=\"data-description\" data-popup-widthsize=\"auto\" data-popup-heightsize=\"auto\" data-popup-i18n-words=\"{&quot;close&quot;:&quot;schlie\\u00dfen&quot;,&quot;next&quot;:&quot;n\\u00e4chste&quot;,&quot;previous&quot;:&quot;vorherige&quot;,&quot;start_slideshow&quot;:&quot;Starte Slideshow&quot;,&quot;stop_slideshow&quot;:&quot;Stoppe Slideshow&quot;,&quot;image&quot;:&quot;Bild&quot;,&quot;of&quot;:&quot;von&quot;,&quot;prev&quot;:&quot;vorherige&quot;,&quot;cExpand&quot;:&quot;Erweitere&quot;,&quot;cPrevious&quot;:&quot;Vorheriges&quot;,&quot;cNext&quot;:&quot;N\\u00e4chstes&quot;,&quot;cExpandStr&quot;:&quot;Erweitere Bild&quot;,&quot;cRotate&quot;:&quot;Rotate&quot;,&quot;cDetails&quot;:&quot;Details&quot;}\" data-popup-slideshow=\"false\" data-popup-slideshow-speed=\"2500\" data-popup-hoverstop=\"false\" data-popup-slideshow-auto=\"false\" data-popup-background=\"#bfbfbf\" data-popup-transparency=\"30\" data-popup-disable-history=\"\" data-popup-disable-changed-url=\"\" data-popup-border-type=\"\" data-popup-border-color=\"\" data-popup-border-width=\"\" data-popup-border-enable=\"\" data-fullscreen=\"false\" data-hide-tooltip=\"false\" data-caption-font-family=\"Default\" data-caption-text-size=\"140\" data-is-mobile=\"0\" data-caption-mobile=\"false\" data-hide-long-tltp-title=\"0\" data-caption-disabled-on-mobile=\"false\" data-popup-placement-type=\"0\" data-social-sharing=\"{&quot;enabled&quot;:&quot;&quot;,&quot;gallerySharing&quot;:{&quot;enabled&quot;:null,&quot;position&quot;:null},&quot;imageSharing&quot;:{&quot;enabled&quot;:null,&quot;wrapperClass&quot;:&quot; vertical &quot;},&quot;popupSharing&quot;:{&quot;enabled&quot;:null,&quot;wrapperClass&quot;:&quot; vertical &quot;}}\" class=\"grid-gallery grid-gallery-fluid-height one-photo \" style=\" width:1020; height:auto; float: left;position:relative;\"> <div class=\"gallery-sharing-top\" style=\"display:none;\"> <\/div> <div id=\"photos-8\" class=\"grid-gallery-photos\"><FIGURE class=\"grid-gallery-caption\" data-grid-gallery-type=\"quarter-slide-up\" data-index=\"0\" style=\"display:none;border-radius:00;; margin:22.3px; width:2050;\" ><div class=\"crop\" style=\"\"><img decoding=\"async\" src=\"http:\/\/aximont.com\/wp-content\/uploads\/2019\/01\/T006-205x256.jpg\" class=\"ggImg\" alt=\"T006\" title=\"T006\" data-description=\"T006\" data-caption=\"T006\" data-title=\"T006\" style=\" width:205px;\" \/><\/div><FIGCAPTION class=\"\" data-alpha=\"5\" style=\"color:#ffffff; background-color:#6f0000; font-size:140; text-align:left; font-family:Default;\" ><div class=\"grid-gallery-figcaption-wrap\" style=\"\"><\/div><\/FIGCAPTION><\/FIGURE> <div class=\"grid-gallery-clearfix\"><\/div> <\/div> <div class=\"gallery-sharing-bottom\" style=\"display:none;\"> <\/div> <div class=\"gallery-sharing-image\" style=\"display:none;\"> <\/div> <div class=\"gallery-sharing-popup\" style=\"display:none;\"> <\/div> <div class=\"grid-gallery-clearfix\"><\/div> <\/div> <!-- Gallery by Supsystic plugin1.16.0 --><a title=\"WordPress Image Gallery Plugin\" style=\"display:none;\" href=\"https:\/\/supsystic.com\/plugins\/photo-gallery\/?utm_medium=love_link\" target=\"_blank\">WordPress Image Gallery Plugin<\/a>\n<p>&nbsp;<\/p>\n<p><b>Feuersicherheit<\/b><strong>:<\/strong><\/p>\n<p>Die T\u00fcre sind von dem feuerbest\u00e4ndigen Material ausgef\u00fcllt, das ist unbrennbar<\/p>\n<p>nach DIV\u00a04102 \u2013 Klasse\u00a0\u201eA\u201c<\/p>\n<p>&nbsp;<\/p>\n<p><strong>Grundausstattung<\/strong><strong>:<\/strong><\/p>\n<ul>\n<li>das Schl\u00fcsselsicherheitsschloss<\/li>\n<\/ul>\n<p>&nbsp;<\/p>\n<p><b>Lackierung<\/b><strong>:<\/strong><\/p>\n<ul>\n<li>RAL9002 \u2013\u00a0grauwei\u00df<\/li>\n<li>RAL7016 \u2013\u00a0anthrazitisch grau<\/li>\n<li>RAL7035 \u2013\u00a0grau<\/li>\n<li>RAL9005 \u2013\u00a0schwarz<\/li>\n<\/ul>\n<p>&nbsp;<\/p>\n<p><b>Sonderaustattung<\/b><strong>:<\/strong>\u00a0teleskopische Fachb\u00f6den, mehr Fachb\u00f6den, eine Klinke, andere Stufe RAL, mechanische oder elektronische Kodeschl\u00f6sser, m\u00f6glich auch atypische Einbauten des Innenraums des Tresors, das ist z. B. innere Kasten<\/p>\n<p>&nbsp;<\/p>\n","protected":false},"excerpt":{"rendered":"<p>M\u00f6beltresore ST &nbsp; Tyto trezory jsou ur\u010deny k\u00a0zabudov\u00e1n\u00ed do st\u011bny. Maj\u00ed certifik\u00e1t od soudn\u00edho znalce v\u00a0oboru a dosahuj\u00ed dle \u010cSN 1143\/1 pr\u016flomov\u00fdch hodnot RU pro \u010d\u00e1ste\u010dn\u00fd pr\u016flom 25\u00a0RU, pro \u00fapln\u00fd pr\u016flom 35 RU. &nbsp; &nbsp; &nbsp; Feuersicherheit: Die T\u00fcre sind von dem feuerbest\u00e4ndigen Material ausgef\u00fcllt, das ist unbrennbar nach DIV\u00a04102 \u2013 Klasse\u00a0\u201eA\u201c &nbsp; Grundausstattung: das Schl\u00fcsselsicherheitsschloss &nbsp; Lackierung: RAL9002 \u2013\u00a0grauwei\u00df RAL7016 \u2013\u00a0anthrazitisch grau RAL7035 \u2013\u00a0grau RAL9005 \u2013\u00a0schwarz &nbsp; Sonderaustattung:\u00a0teleskopische Fachb\u00f6den, mehr Fachb\u00f6den, eine Klinke, andere Stufe RAL, mechanische oder elektronische  [&#8230;]<\/p>\n","protected":false},"author":1,"featured_media":0,"parent":0,"menu_order":0,"comment_status":"closed","ping_status":"closed","template":"","meta":{"footnotes":""},"class_list":["post-343","page","type-page","status-publish","hentry"],"translation":{"provider":"WPGlobus","version":"3.0.2","language":"de","enabled_languages":["cz","en","de"],"languages":{"cz":{"title":true,"content":true,"excerpt":false},"en":{"title":true,"content":true,"excerpt":false},"de":{"title":true,"content":true,"excerpt":false}}},"_links":{"self":[{"href":"https:\/\/aximont.com\/de\/wp-json\/wp\/v2\/pages\/343","targetHints":{"allow":["GET"]}}],"collection":[{"href":"https:\/\/aximont.com\/de\/wp-json\/wp\/v2\/pages"}],"about":[{"href":"https:\/\/aximont.com\/de\/wp-json\/wp\/v2\/types\/page"}],"author":[{"embeddable":true,"href":"https:\/\/aximont.com\/de\/wp-json\/wp\/v2\/users\/1"}],"replies":[{"embeddable":true,"href":"https:\/\/aximont.com\/de\/wp-json\/wp\/v2\/comments?post=343"}],"version-history":[{"count":18,"href":"https:\/\/aximont.com\/de\/wp-json\/wp\/v2\/pages\/343\/revisions"}],"predecessor-version":[{"id":571,"href":"https:\/\/aximont.com\/de\/wp-json\/wp\/v2\/pages\/343\/revisions\/571"}],"wp:attachment":[{"href":"https:\/\/aximont.com\/de\/wp-json\/wp\/v2\/media?parent=343"}],"curies":[{"name":"wp","href":"https:\/\/api.w.org\/{rel}","templated":true}]}}