{"id":369,"date":"2017-10-18T19:40:11","date_gmt":"2017-10-18T17:40:11","guid":{"rendered":"http:\/\/aximont.com\/web\/?page_id=369"},"modified":"2022-03-03T21:16:26","modified_gmt":"2022-03-03T20:16:26","slug":"zbranove-trezory","status":"publish","type":"page","link":"https:\/\/aximont.com\/de\/zbranove-trezory\/","title":{"rendered":"Waffentresore"},"content":{"rendered":"<h3>Waffentresore<\/h3>\n<p>&nbsp;<\/p>\n<p><span lang=\"DE\">Diese Erzeugnisse stimmen nach der Zertifikationsmethode N. 1 NB\u00da mit den Forderungen\u00a0 zwecks Sicherung der geborgenen, eingelegten oder gelagerten Schusswaffen im Einklang mit der Verordnung der Regierung\u00a0 N. 338\/2002 Sb. vom 26. Juni 2002 \u00fcberein, erf\u00fcllen die Forderungen der Einbruchsbest\u00e4ndigkeit mindestens 15 RU nach \u010cSN EN 1143-1 und sind mit dem Schloss der Klasse\u00a0 A nach \u010cSN 165110 (Evidenznummer des Zertifikats der \u00dcbereinstimmung: TT-365\/2003) ausgestattet.<\/span><\/p>\n<p><img decoding=\"async\" class=\"alignnone  wp-image-2058\" src=\"http:\/\/aximont.com\/wp-content\/uploads\/2022\/03\/zt_de.png\" alt=\"\" width=\"735\" height=\"252\" srcset=\"https:\/\/aximont.com\/wp-content\/uploads\/2022\/03\/zt_de-200x69.png 200w, https:\/\/aximont.com\/wp-content\/uploads\/2022\/03\/zt_de-300x103.png 300w, https:\/\/aximont.com\/wp-content\/uploads\/2022\/03\/zt_de-400x137.png 400w, https:\/\/aximont.com\/wp-content\/uploads\/2022\/03\/zt_de-600x206.png 600w, https:\/\/aximont.com\/wp-content\/uploads\/2022\/03\/zt_de-768x264.png 768w, https:\/\/aximont.com\/wp-content\/uploads\/2022\/03\/zt_de-800x275.png 800w, https:\/\/aximont.com\/wp-content\/uploads\/2022\/03\/zt_de-1024x352.png 1024w, https:\/\/aximont.com\/wp-content\/uploads\/2022\/03\/zt_de-1200x412.png 1200w, https:\/\/aximont.com\/wp-content\/uploads\/2022\/03\/zt_de-1536x527.png 1536w, https:\/\/aximont.com\/wp-content\/uploads\/2022\/03\/zt_de.png 1576w\" sizes=\"(max-width: 735px) 100vw, 735px\" \/><\/p>\n<p><img decoding=\"async\" class=\"alignnone  wp-image-2057\" src=\"http:\/\/aximont.com\/wp-content\/uploads\/2022\/03\/atz_de.png\" alt=\"\" width=\"737\" height=\"247\" srcset=\"https:\/\/aximont.com\/wp-content\/uploads\/2022\/03\/atz_de-200x67.png 200w, https:\/\/aximont.com\/wp-content\/uploads\/2022\/03\/atz_de-300x101.png 300w, https:\/\/aximont.com\/wp-content\/uploads\/2022\/03\/atz_de-400x134.png 400w, https:\/\/aximont.com\/wp-content\/uploads\/2022\/03\/atz_de-600x201.png 600w, https:\/\/aximont.com\/wp-content\/uploads\/2022\/03\/atz_de-768x257.png 768w, https:\/\/aximont.com\/wp-content\/uploads\/2022\/03\/atz_de-800x268.png 800w, https:\/\/aximont.com\/wp-content\/uploads\/2022\/03\/atz_de-1024x343.png 1024w, https:\/\/aximont.com\/wp-content\/uploads\/2022\/03\/atz_de-1200x402.png 1200w, https:\/\/aximont.com\/wp-content\/uploads\/2022\/03\/atz_de-1536x515.png 1536w, https:\/\/aximont.com\/wp-content\/uploads\/2022\/03\/atz_de.png 1594w\" sizes=\"(max-width: 737px) 100vw, 737px\" \/>\u00a0<\/p>\n<p>&nbsp;<\/p>\n<div id=\"grid-gallery-9-6435\" data-gg-id=\"9\" data-title=\"zbra\u0148ov\u00e9 trezory\" data-grid-type=\"2\" data-offset=\"17.3\" data-area-position=\"right\" data-icons=\"\" data-preloader=\"false\" data-width=\"auto\" data-height=\"225\" data-padding=\"0\" data-quicksand=\"disabled\" data-quicksand-duration=\"none\" data-popup-theme=\"theme_3\" data-popup-type=\"colorbox\" data-popup-fadeOut=\"300\" data-popup-image-text=\"data-description\" data-popup-widthsize=\"auto\" data-popup-heightsize=\"auto\" data-popup-i18n-words=\"{&quot;close&quot;:&quot;schlie\\u00dfen&quot;,&quot;next&quot;:&quot;n\\u00e4chste&quot;,&quot;previous&quot;:&quot;vorherige&quot;,&quot;start_slideshow&quot;:&quot;Starte Slideshow&quot;,&quot;stop_slideshow&quot;:&quot;Stoppe Slideshow&quot;,&quot;image&quot;:&quot;Bild&quot;,&quot;of&quot;:&quot;von&quot;,&quot;prev&quot;:&quot;vorherige&quot;,&quot;cExpand&quot;:&quot;Erweitere&quot;,&quot;cPrevious&quot;:&quot;Vorheriges&quot;,&quot;cNext&quot;:&quot;N\\u00e4chstes&quot;,&quot;cExpandStr&quot;:&quot;Erweitere Bild&quot;,&quot;cRotate&quot;:&quot;Rotate&quot;,&quot;cDetails&quot;:&quot;Details&quot;}\" data-popup-slideshow=\"false\" data-popup-slideshow-speed=\"2500\" data-popup-hoverstop=\"false\" data-popup-slideshow-auto=\"false\" data-popup-background=\"#bfbfbf\" data-popup-transparency=\"30\" data-popup-disable-history=\"\" data-popup-disable-changed-url=\"\" data-popup-border-type=\"\" data-popup-border-color=\"\" data-popup-border-width=\"\" data-popup-border-enable=\"\" data-fullscreen=\"false\" data-hide-tooltip=\"false\" data-caption-font-family=\"Default\" data-caption-text-size=\"140\" data-is-mobile=\"0\" data-caption-mobile=\"false\" data-hide-long-tltp-title=\"0\" data-caption-disabled-on-mobile=\"false\" data-popup-placement-type=\"0\" data-social-sharing=\"{&quot;enabled&quot;:&quot;&quot;,&quot;gallerySharing&quot;:{&quot;enabled&quot;:null,&quot;position&quot;:null},&quot;imageSharing&quot;:{&quot;enabled&quot;:null,&quot;wrapperClass&quot;:&quot; vertical &quot;},&quot;popupSharing&quot;:{&quot;enabled&quot;:null,&quot;wrapperClass&quot;:&quot; vertical &quot;}}\" class=\"grid-gallery grid-gallery-fixed one-photo \" style=\" width:1370; height:auto; float: left;position:relative;\"> <div class=\"gallery-sharing-top\" style=\"display:none;\"> <\/div> <div id=\"photos-9\" class=\"grid-gallery-photos\"><FIGURE class=\"grid-gallery-caption\" data-grid-gallery-type=\"quarter-slide-up\" data-index=\"0\" style=\"display:none;border-radius:00;; margin:8.65px; height:2250; width:auto;\" ><div class=\"crop\" style=\"\"><img decoding=\"async\" src=\"http:\/\/aximont.com\/wp-content\/uploads\/2019\/01\/T003-180x225.jpg\" class=\"ggImg ggNotInitImg\" alt=\"T003\" title=\"T003\" data-description=\"T003\" data-caption=\"T003\" data-title=\"T003\" style=\" height:225px; width:auto;\" \/><\/div><FIGCAPTION class=\"\" data-alpha=\"5\" style=\"color:#ffffff; background-color:#6f0000; font-size:140; text-align:left; font-family:Default;\" ><div class=\"grid-gallery-figcaption-wrap\" style=\"\"><\/div><\/FIGCAPTION><\/FIGURE><FIGURE class=\"grid-gallery-caption hidden-item\" data-grid-gallery-type=\"quarter-slide-up\" data-index=\"1\" style=\"display:none;border-radius:00;; margin:8.65px; height:2250; width:auto;\" ><div class=\"crop\" style=\"\"><img decoding=\"async\" src=\"http:\/\/aximont.com\/wp-content\/uploads\/2019\/01\/T003_O-180x225.jpg\" class=\"ggImg ggNotInitImg\" alt=\"T003_O\" title=\"T003_O\" data-description=\"T003_O\" data-caption=\"T003_O\" data-title=\"T003_O\" style=\" height:225px; width:auto;\" \/><\/div><FIGCAPTION class=\"\" data-alpha=\"5\" style=\"color:#ffffff; background-color:#6f0000; font-size:140; text-align:left; font-family:Default;\" ><div class=\"grid-gallery-figcaption-wrap\" style=\"\"><\/div><\/FIGCAPTION><\/FIGURE><FIGURE class=\"grid-gallery-caption hidden-item\" data-grid-gallery-type=\"quarter-slide-up\" data-index=\"2\" style=\"display:none;border-radius:00;; margin:8.65px; height:2250; width:auto;\" ><div class=\"crop\" style=\"\"><img decoding=\"async\" src=\"http:\/\/aximont.com\/wp-content\/uploads\/2019\/01\/T004-180x225.jpg\" class=\"ggImg ggNotInitImg\" alt=\"T004\" title=\"T004\" data-description=\"T004\" data-caption=\"T004\" data-title=\"T004\" style=\" height:225px; width:auto;\" \/><\/div><FIGCAPTION class=\"\" data-alpha=\"5\" style=\"color:#ffffff; background-color:#6f0000; font-size:140; text-align:left; font-family:Default;\" ><div class=\"grid-gallery-figcaption-wrap\" style=\"\"><\/div><\/FIGCAPTION><\/FIGURE><FIGURE class=\"grid-gallery-caption hidden-item\" data-grid-gallery-type=\"quarter-slide-up\" data-index=\"3\" style=\"display:none;border-radius:00;; margin:8.65px; height:2250; width:auto;\" ><div class=\"crop\" style=\"\"><img decoding=\"async\" src=\"http:\/\/aximont.com\/wp-content\/uploads\/2019\/01\/T004_O-180x225.jpg\" class=\"ggImg ggNotInitImg\" alt=\"T004_O\" title=\"T004_O\" data-description=\"T004_O\" data-caption=\"T004_O\" data-title=\"T004_O\" style=\" height:225px; width:auto;\" \/><\/div><FIGCAPTION class=\"\" data-alpha=\"5\" style=\"color:#ffffff; background-color:#6f0000; font-size:140; text-align:left; font-family:Default;\" ><div class=\"grid-gallery-figcaption-wrap\" style=\"\"><\/div><\/FIGCAPTION><\/FIGURE> <div class=\"grid-gallery-clearfix\"><\/div> <\/div> <div class=\"gallery-sharing-bottom\" style=\"display:none;\"> <\/div> <div class=\"gallery-sharing-image\" style=\"display:none;\"> <\/div> <div class=\"gallery-sharing-popup\" style=\"display:none;\"> <\/div> <div class=\"grid-gallery-clearfix\"><\/div> <\/div> <!-- Gallery by Supsystic plugin1.16.0 --><a title=\"WordPress Image Gallery Plugin\" style=\"display:none;\" href=\"https:\/\/supsystic.com\/plugins\/photo-gallery\/?utm_medium=love_link\" target=\"_blank\">WordPress Image Gallery Plugin<\/a>\n<p><b>Lackierung<\/b><strong>:<\/strong><\/p>\n<ul>\n<li>RAL9002 \u2013\u00a0grauwei\u00df<\/li>\n<li>RAL7016 \u2013\u00a0anthrazitisch grau<\/li>\n<li>RAL7035 \u2013\u00a0grau<\/li>\n<li>RAL9005 \u2013\u00a0schwarz<\/li>\n<\/ul>\n<p><b>Sonderaustattung<\/b><strong>:<\/strong><\/p>\n<ul>\n<li>Holzuntersatz f\u00fcr Kolben f\u00fcr 5 Waffen<\/li>\n<li>Holzuntersatz f\u00fcr Kolben f\u00fcr 7 Waffen<\/li>\n<li>andere Stufe RAL<\/li>\n<li>m\u00f6glich mechanische oder elektronische Kodeschl\u00f6sser\u00a0 zu benutzen<\/li>\n<li>atypische Einbauten des Innenraums nach der Forderung des Kunden\u00a0<br \/>\n(Fachb\u00f6den, Safes usw.)<\/li>\n<li>m\u00f6glich im Auftrage den Tresor der atypischen Ma\u00dfen anzufertigen<\/li>\n<\/ul>\n<p><strong><div id=\"grid-gallery-10-76054\" data-gg-id=\"10\" data-title=\"certifik\u00e1t zbran\u011b\" data-grid-type=\"1\" data-offset=\"31.3\" data-area-position=\"center\" data-icons=\"\" data-preloader=\"false\" data-width=\"154\" data-height=\"\" data-padding=\"27\" data-quicksand=\"disabled\" data-quicksand-duration=\"none\" data-popup-theme=\"theme_3\" data-popup-type=\"colorbox\" data-popup-fadeOut=\"300\" data-popup-image-text=\"data-description\" data-popup-widthsize=\"auto\" data-popup-heightsize=\"auto\" data-popup-i18n-words=\"{&quot;close&quot;:&quot;schlie\\u00dfen&quot;,&quot;next&quot;:&quot;n\\u00e4chste&quot;,&quot;previous&quot;:&quot;vorherige&quot;,&quot;start_slideshow&quot;:&quot;Starte Slideshow&quot;,&quot;stop_slideshow&quot;:&quot;Stoppe Slideshow&quot;,&quot;image&quot;:&quot;Bild&quot;,&quot;of&quot;:&quot;von&quot;,&quot;prev&quot;:&quot;vorherige&quot;,&quot;cExpand&quot;:&quot;Erweitere&quot;,&quot;cPrevious&quot;:&quot;Vorheriges&quot;,&quot;cNext&quot;:&quot;N\\u00e4chstes&quot;,&quot;cExpandStr&quot;:&quot;Erweitere Bild&quot;,&quot;cRotate&quot;:&quot;Rotate&quot;,&quot;cDetails&quot;:&quot;Details&quot;}\" data-popup-slideshow=\"false\" data-popup-slideshow-speed=\"2500\" data-popup-hoverstop=\"false\" data-popup-slideshow-auto=\"false\" data-popup-background=\"#bfbfbf\" data-popup-transparency=\"30\" data-popup-disable-history=\"\" data-popup-disable-changed-url=\"\" data-popup-border-type=\"\" data-popup-border-color=\"\" data-popup-border-width=\"\" data-popup-border-enable=\"\" data-fullscreen=\"true\" data-hide-tooltip=\"false\" data-caption-font-family=\"Default\" data-caption-text-size=\"140\" data-is-mobile=\"0\" data-caption-mobile=\"false\" data-hide-long-tltp-title=\"0\" data-caption-disabled-on-mobile=\"false\" data-popup-placement-type=\"0\" data-social-sharing=\"{&quot;enabled&quot;:&quot;&quot;,&quot;gallerySharing&quot;:{&quot;enabled&quot;:null,&quot;position&quot;:null},&quot;imageSharing&quot;:{&quot;enabled&quot;:null,&quot;wrapperClass&quot;:&quot; vertical &quot;},&quot;popupSharing&quot;:{&quot;enabled&quot;:null,&quot;wrapperClass&quot;:&quot; vertical &quot;}}\" class=\"grid-gallery grid-gallery-fluid-height \" style=\" width:3410; height:auto; margin-left:auto; margin-right:auto;position:relative;\"> <div class=\"gallery-sharing-top\" style=\"display:none;\"> <\/div> <div id=\"photos-10\" class=\"grid-gallery-photos\"><FIGURE class=\"grid-gallery-caption\" data-grid-gallery-type=\"quarter-slide-up\" data-index=\"0\" style=\"display:none;border-radius:00;; margin:31.3px; width:1540;\" ><div class=\"crop\" style=\"\"><img decoding=\"async\" src=\"http:\/\/aximont.com\/wp-content\/uploads\/2017\/11\/ATZ-page-001-e1510120678627-154x211.jpg\" class=\"ggImg\" alt=\"ATZ-page-001\" title=\"ATZ-page-001\" data-description=\"ATZ-page-001\" data-caption=\"ATZ-page-001\" data-title=\"ATZ-page-001\" style=\" width:154px;\" \/><\/div><FIGCAPTION class=\"\" data-alpha=\"5\" style=\"color:#ffffff; background-color:#6f0000; font-size:140; text-align:left; font-family:Default;\" ><div class=\"grid-gallery-figcaption-wrap\" style=\"\"><\/div><\/FIGCAPTION><\/FIGURE> <div class=\"grid-gallery-clearfix\"><\/div> <\/div> <div class=\"gallery-sharing-bottom\" style=\"display:none;\"> <\/div> <div class=\"gallery-sharing-image\" style=\"display:none;\"> <\/div> <div class=\"gallery-sharing-popup\" style=\"display:none;\"> <\/div> <div class=\"grid-gallery-clearfix\"><\/div> <\/div> <!-- Gallery by Supsystic plugin1.16.0 --><a title=\"WordPress Image Gallery Plugin\" style=\"display:none;\" href=\"https:\/\/supsystic.com\/plugins\/photo-gallery\/?utm_medium=love_link\" target=\"_blank\">WordPress Image Gallery Plugin<\/a><\/strong><\/p>\n","protected":false},"excerpt":{"rendered":"<p>Waffentresore &nbsp; Diese Erzeugnisse stimmen nach der Zertifikationsmethode N. 1 NB\u00da mit den Forderungen\u00a0 zwecks Sicherung der geborgenen, eingelegten oder gelagerten Schusswaffen im Einklang mit der Verordnung der Regierung\u00a0 N. 338\/2002 Sb. vom 26. Juni 2002 \u00fcberein, erf\u00fcllen die Forderungen der Einbruchsbest\u00e4ndigkeit mindestens 15 RU nach \u010cSN EN 1143-1 und sind mit dem Schloss der Klasse\u00a0 A nach \u010cSN 165110 (Evidenznummer des Zertifikats der \u00dcbereinstimmung: TT-365\/2003) ausgestattet. \u00a0 &nbsp; Lackierung: RAL9002 \u2013\u00a0grauwei\u00df RAL7016 \u2013\u00a0anthrazitisch grau RAL7035 \u2013\u00a0grau RAL9005 \u2013\u00a0schwarz Sonderaustattung:  [&#8230;]<\/p>\n","protected":false},"author":1,"featured_media":0,"parent":0,"menu_order":0,"comment_status":"closed","ping_status":"closed","template":"","meta":{"footnotes":""},"class_list":["post-369","page","type-page","status-publish","hentry"],"translation":{"provider":"WPGlobus","version":"3.0.2","language":"de","enabled_languages":["cz","en","de"],"languages":{"cz":{"title":true,"content":true,"excerpt":false},"en":{"title":true,"content":true,"excerpt":false},"de":{"title":true,"content":true,"excerpt":false}}},"_links":{"self":[{"href":"https:\/\/aximont.com\/de\/wp-json\/wp\/v2\/pages\/369","targetHints":{"allow":["GET"]}}],"collection":[{"href":"https:\/\/aximont.com\/de\/wp-json\/wp\/v2\/pages"}],"about":[{"href":"https:\/\/aximont.com\/de\/wp-json\/wp\/v2\/types\/page"}],"author":[{"embeddable":true,"href":"https:\/\/aximont.com\/de\/wp-json\/wp\/v2\/users\/1"}],"replies":[{"embeddable":true,"href":"https:\/\/aximont.com\/de\/wp-json\/wp\/v2\/comments?post=369"}],"version-history":[{"count":20,"href":"https:\/\/aximont.com\/de\/wp-json\/wp\/v2\/pages\/369\/revisions"}],"predecessor-version":[{"id":2059,"href":"https:\/\/aximont.com\/de\/wp-json\/wp\/v2\/pages\/369\/revisions\/2059"}],"wp:attachment":[{"href":"https:\/\/aximont.com\/de\/wp-json\/wp\/v2\/media?parent=369"}],"curies":[{"name":"wp","href":"https:\/\/api.w.org\/{rel}","templated":true}]}}