{"id":8,"date":"2017-11-15T09:41:57","date_gmt":"2017-11-15T09:41:57","guid":{"rendered":"http:\/\/aximont.com\/?page_id=8"},"modified":"2023-09-06T20:57:49","modified_gmt":"2023-09-06T18:57:49","slug":"kontakt","status":"publish","type":"page","link":"https:\/\/aximont.com\/de\/kontakt\/","title":{"rendered":"KONTAKT"},"content":{"rendered":"<p><div class=\"fusion-fullwidth fullwidth-box fusion-builder-row-1 fusion-parallax-none nonhundred-percent-fullwidth non-hundred-percent-height-scrolling\" style=\"--awb-border-radius-top-left:0px;--awb-border-radius-top-right:0px;--awb-border-radius-bottom-right:0px;--awb-border-radius-bottom-left:0px;--awb-margin-top:0px;--awb-background-color:#eeeeee;--awb-background-image:url(&quot;http:\/\/aximont.com\/wp-content\/uploads\/2020\/06\/AXIMONT-nov\u00e1-hala-1200x625.jpg&quot;);--awb-background-size:cover;--awb-flex-wrap:wrap;\" ><div class=\"fusion-builder-row fusion-row\"><div class=\"fusion-layout-column fusion_builder_column fusion-builder-column-0 fusion_builder_column_1_6 1_6 fusion-one-sixth fusion-column-first fusion-no-small-visibility\" style=\"--awb-bg-size:cover;width:16.6666666667%;width:calc(16.6666666667% - ( ( 4% + 4% ) * 0.166666666667 ) );margin-right: 4%;\"><div class=\"fusion-column-wrapper fusion-flex-column-wrapper-legacy\"><div class=\"fusion-clearfix\"><\/div><\/div><\/div><div class=\"fusion-layout-column fusion_builder_column fusion-builder-column-1 fusion_builder_column_2_3 2_3 fusion-two-third fusion-animated\" style=\"--awb-bg-size:cover;--awb-margin-top:85px;--awb-margin-bottom:60px;width:66.6666666667%;width:calc(66.6666666667% - ( ( 4% + 4% ) * 0.666666666667 ) );margin-right: 4%;\" data-animationType=\"zoomIn\" data-animationDuration=\"0.9\" data-animationOffset=\"top-into-view\"><div class=\"fusion-column-wrapper fusion-flex-column-wrapper-legacy\"><div class=\"fusion-title title fusion-title-1 fusion-sep-none fusion-title-center fusion-title-text fusion-title-size-one\" style=\"--awb-font-size:76px;\"><h1 class=\"fusion-title-heading title-heading-center fusion-responsive-typography-calculated\" style=\"margin:0;font-size:1em;--fontSize:76;line-height:1.05;\"><span style=\"color: #333645;\">KONTAKT<\/span><\/h1><\/div><div class=\"fusion-clearfix\"><\/div><\/div><\/div><div class=\"fusion-layout-column fusion_builder_column fusion-builder-column-2 fusion_builder_column_1_6 1_6 fusion-one-sixth fusion-column-last fusion-no-small-visibility\" style=\"--awb-bg-size:cover;width:16.6666666667%;width:calc(16.6666666667% - ( ( 4% + 4% ) * 0.166666666667 ) );\"><div class=\"fusion-column-wrapper fusion-flex-column-wrapper-legacy\"><div class=\"fusion-clearfix\"><\/div><\/div><\/div><\/div><\/div><div class=\"fusion-fullwidth fullwidth-box fusion-builder-row-2 nonhundred-percent-fullwidth non-hundred-percent-height-scrolling\" style=\"--awb-border-radius-top-left:0px;--awb-border-radius-top-right:0px;--awb-border-radius-bottom-right:0px;--awb-border-radius-bottom-left:0px;--awb-padding-top:40px;--awb-padding-bottom:75px;--awb-background-color:#333645;--awb-flex-wrap:wrap;\" ><div class=\"fusion-builder-row fusion-row\"><div class=\"fusion-layout-column fusion_builder_column fusion-builder-column-3 fusion_builder_column_1_3 1_3 fusion-one-third fusion-column-first fusion-animated\" style=\"--awb-bg-size:cover;--awb-margin-top:20px;--awb-margin-bottom:40px;width:33.3333333333%;width:calc(33.3333333333% - ( ( 4% ) * 0.333333333333 ) );margin-right: 4%;\" data-animationType=\"zoomIn\" data-animationDuration=\"0.9\" data-animationOffset=\"top-into-view\"><div class=\"fusion-column-wrapper fusion-flex-column-wrapper-legacy\"><div class=\"fusion-text fusion-text-1\"><div style=\"color: #f7f7f7;\">\n<p><strong>AXI MONT s.r.o.<\/strong><\/p>\n<p>Neurazy 152<br \/>\n335 55 Neurazy<\/p>\n<p>+420 371 591 527<br \/>\ninfo@aximont.com<br \/>\nI\u010c 46884653<br \/>\nDI\u010c CZ46884653<\/p>\n<p>Bankovn\u00ed \u00fa\u010dty<br \/>\nkorunov\u00fd 10255322\/0800<br \/>\ndevizov\u00fd 10255402\/0800<\/p>\n<\/div>\n<div style=\"color: #f7f7f7;\">\n<p><strong>Jednatel\u00e9 spole\u010dnosti<\/strong><\/p>\n<p>Lenka Zelenkov\u00e1, DiS.<br \/>\n+420 720 575 181<br \/>\nlenka.zelenkova@aximont.com<\/p>\n<p>Ing. V\u00e1clav Koti\u0161<\/p>\n<\/div>\n<div style=\"color: #f7f7f7;\">\n<p><strong>Vedouc\u00ed v\u00fdroby<\/strong><\/p>\n<p>Stanislav Simet<br \/>\n+420 725 720 999<br \/>\nstanislav.simet@aximont.com<\/p>\n<\/div>\n<\/div><div class=\"fusion-clearfix\"><\/div><\/div><\/div><div class=\"fusion-layout-column fusion_builder_column fusion-builder-column-4 fusion_builder_column_2_3 2_3 fusion-two-third fusion-column-last\" style=\"--awb-bg-size:cover;width:66.6666666667%;width:calc(66.6666666667% - ( ( 4% ) * 0.666666666667 ) );\"><div class=\"fusion-column-wrapper fusion-column-has-shadow fusion-flex-column-wrapper-legacy\"><div class=\"shortcode-map fusion-google-map fusion-maps-embed-type\"><iframe width=\"100%\" height=\"440px\" frameborder=\"0\" style=\"border:0\" src=\"https:\/\/www.google.com\/maps\/embed\/v1\/place?key=AIzaSyB22ONwzfT2tsBd-kGE4s35U26Gf_rPVAU&language=de&q=Neurazy+152,+Neurazy+335+55&maptype=roadmap&zoom=14\" allowfullscreen><\/iframe><\/div><div class=\"fusion-clearfix\"><\/div><\/div><\/div><\/div><\/div><\/p>\n","protected":false},"excerpt":{"rendered":"","protected":false},"author":1,"featured_media":0,"parent":0,"menu_order":0,"comment_status":"closed","ping_status":"closed","template":"100-width.php","meta":{"footnotes":""},"class_list":["post-8","page","type-page","status-publish","hentry"],"translation":{"provider":"WPGlobus","version":"3.0.2","language":"de","enabled_languages":["cz","en","de"],"languages":{"cz":{"title":true,"content":true,"excerpt":false},"en":{"title":false,"content":false,"excerpt":false},"de":{"title":false,"content":false,"excerpt":false}}},"_links":{"self":[{"href":"https:\/\/aximont.com\/de\/wp-json\/wp\/v2\/pages\/8","targetHints":{"allow":["GET"]}}],"collection":[{"href":"https:\/\/aximont.com\/de\/wp-json\/wp\/v2\/pages"}],"about":[{"href":"https:\/\/aximont.com\/de\/wp-json\/wp\/v2\/types\/page"}],"author":[{"embeddable":true,"href":"https:\/\/aximont.com\/de\/wp-json\/wp\/v2\/users\/1"}],"replies":[{"embeddable":true,"href":"https:\/\/aximont.com\/de\/wp-json\/wp\/v2\/comments?post=8"}],"version-history":[{"count":83,"href":"https:\/\/aximont.com\/de\/wp-json\/wp\/v2\/pages\/8\/revisions"}],"predecessor-version":[{"id":2312,"href":"https:\/\/aximont.com\/de\/wp-json\/wp\/v2\/pages\/8\/revisions\/2312"}],"wp:attachment":[{"href":"https:\/\/aximont.com\/de\/wp-json\/wp\/v2\/media?parent=8"}],"curies":[{"name":"wp","href":"https:\/\/api.w.org\/{rel}","templated":true}]}}