{"id":12,"date":"2017-11-15T09:42:45","date_gmt":"2017-11-15T09:42:45","guid":{"rendered":"http:\/\/aximont.com\/?page_id=12"},"modified":"2025-09-15T17:40:32","modified_gmt":"2025-09-15T15:40:32","slug":"kariera","status":"publish","type":"page","link":"https:\/\/aximont.com\/en\/kariera\/","title":{"rendered":"KARI\u00c9RA"},"content":{"rendered":"<div class=\"fusion-bg-parallax\" data-bg-align=\"center bottom\" data-direction=\"down\" data-mute=\"false\" data-opacity=\"100\" data-velocity=\"-0.6\" data-mobile-enabled=\"false\" data-break_parents=\"0\" data-bg-image=\"http:\/\/aximont.com\/wp-content\/uploads\/2018\/02\/work-bg.jpg\" data-bg-repeat=\"false\" data-bg-color=\"#eeeeee\" ><\/div><div class=\"fusion-fullwidth fullwidth-box fusion-builder-row-1 fusion-parallax-down nonhundred-percent-fullwidth non-hundred-percent-height-scrolling\" style=\"--awb-background-position:center bottom;--awb-border-radius-top-left:0px;--awb-border-radius-top-right:0px;--awb-border-radius-bottom-right:0px;--awb-border-radius-bottom-left:0px;--awb-padding-top:70px;--awb-padding-bottom:0px;--awb-background-color:#eeeeee;--awb-background-image:url(&quot;http:\/\/aximont.com\/wp-content\/uploads\/2018\/02\/work-bg.jpg&quot;);--awb-background-size:cover;--awb-flex-wrap:wrap;\" ><div class=\"fusion-builder-row fusion-row\"><div class=\"fusion-layout-column fusion_builder_column fusion-builder-column-0 fusion_builder_column_1_6 1_6 fusion-one-sixth fusion-column-first fusion-no-small-visibility\" style=\"--awb-bg-size:cover;width:16.6666666667%;width:calc(16.6666666667% - ( ( 4% ) * 0.166666666667 ) );margin-right: 4%;\"><div class=\"fusion-column-wrapper fusion-flex-column-wrapper-legacy\"><div class=\"fusion-clearfix\"><\/div><\/div><\/div><div class=\"fusion-layout-column fusion_builder_column fusion-builder-column-1 fusion_builder_column_2_3 2_3 fusion-two-third fusion-column-last\" style=\"--awb-bg-size:cover;--awb-margin-top:1px;--awb-margin-bottom:2%;width:66.6666666667%;width:calc(66.6666666667% - ( ( 4% ) * 0.666666666667 ) );\"><div class=\"fusion-column-wrapper fusion-flex-column-wrapper-legacy\"><div class=\"fusion-title title fusion-title-1 fusion-sep-none fusion-title-center fusion-title-text fusion-title-size-two\" style=\"--awb-text-color:#db0707;\"><h2 class=\"fusion-title-heading title-heading-center fusion-responsive-typography-calculated\" style=\"margin:0;--fontSize:44;line-height:1.05;\"><span style=\"color: #333645;\">KARI\u00c9RA<\/span><\/h2><\/div><div class=\"fusion-sep-clear\"><\/div><div class=\"fusion-separator\" style=\"margin-left: auto;margin-right: auto;margin-top:16px;margin-bottom:36px;width:100%;max-width:24%;\"><div class=\"fusion-separator-border sep-single\" style=\"--awb-height:20px;--awb-amount:20px;border-color:#e0dede;border-top-width:2px;\"><\/div><\/div><div class=\"fusion-sep-clear\"><\/div><div class=\"fusion-text fusion-text-1\"><p style=\"text-align: center;\"><span style=\"font-size: 20px;\" data-fusion-font=\"true\">P\u0159idej se ke kvalitn\u00edmu kolektivu v\u00edce ne\u017e 20 odborn\u00edk\u016f ve sv\u00e9m oboru.<\/span><\/p>\n<\/div><div class=\"fusion-sep-clear\"><\/div><div class=\"fusion-separator\" style=\"margin-left: auto;margin-right: auto;margin-bottom:20px;width:100%;max-width:24%;\"><\/div><div class=\"fusion-sep-clear\"><\/div><div class=\"fusion-clearfix\"><\/div><\/div><\/div><div class=\"fusion-layout-column fusion_builder_column fusion-builder-column-2 fusion_builder_column_1_3 1_3 fusion-one-third fusion-column-first\" style=\"--awb-bg-color:#292b37;--awb-bg-color-hover:#292b37;--awb-bg-size:cover;width:33.3333333333%;width:calc(33.3333333333% - ( ( 4% + 4% ) * 0.333333333333 ) );margin-right: 4%;\"><div class=\"fusion-column-wrapper fusion-column-has-shadow fusion-flex-column-wrapper-legacy\"><div class=\"fusion-image-element in-legacy-container\" style=\"--awb-caption-title-font-family:var(--h2_typography-font-family);--awb-caption-title-font-weight:var(--h2_typography-font-weight);--awb-caption-title-font-style:var(--h2_typography-font-style);--awb-caption-title-size:var(--h2_typography-font-size);--awb-caption-title-transform:var(--h2_typography-text-transform);--awb-caption-title-line-height:var(--h2_typography-line-height);--awb-caption-title-letter-spacing:var(--h2_typography-letter-spacing);\"><span class=\" fusion-imageframe imageframe-none imageframe-1 hover-type-none\"><img decoding=\"async\" width=\"1000\" height=\"1000\" title=\"Aximont-JOBS-prace-lis\" src=\"http:\/\/aximont.com\/wp-content\/uploads\/2020\/07\/Aximont-JOBS-prace-lis.jpg\" alt class=\"img-responsive wp-image-1995\" srcset=\"https:\/\/aximont.com\/wp-content\/uploads\/2020\/07\/Aximont-JOBS-prace-lis-200x200.jpg 200w, https:\/\/aximont.com\/wp-content\/uploads\/2020\/07\/Aximont-JOBS-prace-lis-400x400.jpg 400w, https:\/\/aximont.com\/wp-content\/uploads\/2020\/07\/Aximont-JOBS-prace-lis-600x600.jpg 600w, https:\/\/aximont.com\/wp-content\/uploads\/2020\/07\/Aximont-JOBS-prace-lis-800x800.jpg 800w, https:\/\/aximont.com\/wp-content\/uploads\/2020\/07\/Aximont-JOBS-prace-lis.jpg 1000w\" sizes=\"(max-width: 1000px) 100vw, 400px\" \/><\/span><\/div><div class=\"fusion-text fusion-text-2\"><p style=\"text-align: center;\"><span style=\"font-size: var(--body_typography-font-size); font-style: var(--body_typography-font-style,normal); letter-spacing: var(--body_typography-letter-spacing); font-family: Roboto; color: #ffffff; font-weight: bold;\" data-fusion-font=\"true\" data-fusion-google-font=\"Roboto\" data-fusion-google-variant=\"700\" data-fusion-google-subset=\"latin\"><br \/>\n<span style=\"color: #ff0000; font-size: 25px;\" data-fusion-font=\"true\">Obsluha ohra\u0148ovac\u00edho lisu<\/span><\/span><\/p>\n<ul>\n<li><span style=\"color: #ffffff;\"><b>Sm\u011bnnost:<\/b> Jednosm\u011bnn\u00fd provoz<\/span><\/li>\n<li><span style=\"color: #ffffff;\"><b>Minim\u00e1ln\u00ed stupe\u0148 vzd\u011bl\u00e1n\u00ed:<\/b> Z\u00e1kladn\u00ed + praktick\u00e1 \u0161kola<\/span><\/li>\n<li><span style=\"color: #ffffff;\"><b>Nutn\u00e1 praxe v oboru<\/b><\/span><\/li>\n<\/ul>\n<\/div><div class=\"fusion-clearfix\"><\/div><\/div><\/div><div class=\"fusion-layout-column fusion_builder_column fusion-builder-column-3 fusion_builder_column_1_3 1_3 fusion-one-third\" style=\"--awb-bg-color:#292b37;--awb-bg-color-hover:#292b37;--awb-bg-size:cover;width:33.3333333333%;width:calc(33.3333333333% - ( ( 4% + 4% ) * 0.333333333333 ) );margin-right: 4%;\"><div class=\"fusion-column-wrapper fusion-column-has-shadow fusion-flex-column-wrapper-legacy\"><div class=\"fusion-image-element in-legacy-container\" style=\"--awb-caption-title-font-family:var(--h2_typography-font-family);--awb-caption-title-font-weight:var(--h2_typography-font-weight);--awb-caption-title-font-style:var(--h2_typography-font-style);--awb-caption-title-size:var(--h2_typography-font-size);--awb-caption-title-transform:var(--h2_typography-text-transform);--awb-caption-title-line-height:var(--h2_typography-line-height);--awb-caption-title-letter-spacing:var(--h2_typography-letter-spacing);\"><span class=\" fusion-imageframe imageframe-none imageframe-2 hover-type-none\"><img decoding=\"async\" width=\"1000\" height=\"1000\" title=\"Aximont-JOBS-prace-lakyrnik\" src=\"http:\/\/aximont.com\/wp-content\/uploads\/2020\/07\/Aximont-JOBS-prace-lakyrnik.jpg\" alt class=\"img-responsive wp-image-1994\" srcset=\"https:\/\/aximont.com\/wp-content\/uploads\/2020\/07\/Aximont-JOBS-prace-lakyrnik-200x200.jpg 200w, https:\/\/aximont.com\/wp-content\/uploads\/2020\/07\/Aximont-JOBS-prace-lakyrnik-400x400.jpg 400w, https:\/\/aximont.com\/wp-content\/uploads\/2020\/07\/Aximont-JOBS-prace-lakyrnik-600x600.jpg 600w, https:\/\/aximont.com\/wp-content\/uploads\/2020\/07\/Aximont-JOBS-prace-lakyrnik-800x800.jpg 800w, https:\/\/aximont.com\/wp-content\/uploads\/2020\/07\/Aximont-JOBS-prace-lakyrnik.jpg 1000w\" sizes=\"(max-width: 1000px) 100vw, 400px\" \/><\/span><\/div><div class=\"fusion-text fusion-text-3\"><p style=\"text-align: center;\"><span style=\"font-size: var(--body_typography-font-size); font-style: var(--body_typography-font-style,normal); letter-spacing: var(--body_typography-letter-spacing); font-family: Roboto; color: #ffffff; font-weight: bold;\" data-fusion-font=\"true\" data-fusion-google-font=\"Roboto\" data-fusion-google-variant=\"700\" data-fusion-google-subset=\"latin\"><br \/>\n<span style=\"color: #ff0000; font-size: 25px;\" data-fusion-font=\"true\">Lak\u00fdrn\u00edk<\/span><\/span><\/p>\n<ul>\n<li><span style=\"color: #ffffff;\"><b>Sm\u011bnnost:<\/b> Jednosm\u011bnn\u00fd provoz<\/span><\/li>\n<li><span style=\"color: #ffffff;\"><b>Minim\u00e1ln\u00ed stupe\u0148 vzd\u011bl\u00e1n\u00ed:<\/b> Z\u00e1kladn\u00ed + praktick\u00e1 \u0161kola<\/span><\/li>\n<li><span style=\"color: #ffffff;\"><b>Nutn\u00e1 praxe v oboru nebo vyu\u010den\u00ed<\/b><\/span><\/li>\n<\/ul>\n<\/div><div class=\"fusion-clearfix\"><\/div><\/div><\/div><div class=\"fusion-layout-column fusion_builder_column fusion-builder-column-4 fusion_builder_column_1_3 1_3 fusion-one-third fusion-column-last\" style=\"--awb-bg-color:#292b37;--awb-bg-color-hover:#292b37;--awb-bg-size:cover;width:33.3333333333%;width:calc(33.3333333333% - ( ( 4% + 4% ) * 0.333333333333 ) );\"><div class=\"fusion-column-wrapper fusion-column-has-shadow fusion-flex-column-wrapper-legacy\"><div class=\"fusion-image-element in-legacy-container\" style=\"--awb-caption-title-font-family:var(--h2_typography-font-family);--awb-caption-title-font-weight:var(--h2_typography-font-weight);--awb-caption-title-font-style:var(--h2_typography-font-style);--awb-caption-title-size:var(--h2_typography-font-size);--awb-caption-title-transform:var(--h2_typography-text-transform);--awb-caption-title-line-height:var(--h2_typography-line-height);--awb-caption-title-letter-spacing:var(--h2_typography-letter-spacing);\"><span class=\" fusion-imageframe imageframe-none imageframe-3 hover-type-none\"><img decoding=\"async\" width=\"1000\" height=\"1000\" title=\"Aximont-JOBS-prace-svarec\" src=\"http:\/\/aximont.com\/wp-content\/uploads\/2020\/07\/Aximont-JOBS-prace-svarec.jpg\" alt class=\"img-responsive wp-image-1996\" srcset=\"https:\/\/aximont.com\/wp-content\/uploads\/2020\/07\/Aximont-JOBS-prace-svarec-200x200.jpg 200w, https:\/\/aximont.com\/wp-content\/uploads\/2020\/07\/Aximont-JOBS-prace-svarec-400x400.jpg 400w, https:\/\/aximont.com\/wp-content\/uploads\/2020\/07\/Aximont-JOBS-prace-svarec-600x600.jpg 600w, https:\/\/aximont.com\/wp-content\/uploads\/2020\/07\/Aximont-JOBS-prace-svarec-800x800.jpg 800w, https:\/\/aximont.com\/wp-content\/uploads\/2020\/07\/Aximont-JOBS-prace-svarec.jpg 1000w\" sizes=\"(max-width: 1000px) 100vw, 400px\" \/><\/span><\/div><div class=\"fusion-text fusion-text-4\"><p style=\"text-align: center;\"><span style=\"font-size: var(--body_typography-font-size); font-style: var(--body_typography-font-style,normal); letter-spacing: var(--body_typography-letter-spacing); font-family: Roboto; color: #ffffff; font-weight: bold;\" data-fusion-font=\"true\" data-fusion-google-font=\"Roboto\" data-fusion-google-variant=\"700\" data-fusion-google-subset=\"latin\"><br \/>\n<span style=\"color: #ff0000; font-size: 25px;\" data-fusion-font=\"true\">Sv\u00e1\u0159e\u010d<\/span><\/span><\/p>\n<ul>\n<li><span style=\"color: #ffffff;\"><b>Sm\u011bnnost:<\/b> Jednosm\u011bnn\u00fd provoz<\/span><\/li>\n<li><span style=\"color: #ffffff;\"><b>Minim\u00e1ln\u00ed stupe\u0148 vzd\u011bl\u00e1n\u00ed:<\/b> Z\u00e1kladn\u00ed + praktick\u00e1 \u0161kola<\/span><\/li>\n<li><b style=\"color: #ffffff;\">Nutn\u00e1 praxe v oboru nebo vyu\u010den\u00ed<\/b><\/li>\n<\/ul>\n<\/div><div class=\"fusion-clearfix\"><\/div><\/div><\/div><\/div><\/div>\n","protected":false},"excerpt":{"rendered":"","protected":false},"author":1,"featured_media":0,"parent":0,"menu_order":0,"comment_status":"closed","ping_status":"closed","template":"100-width.php","meta":{"footnotes":""},"class_list":["post-12","page","type-page","status-publish","hentry"],"translation":{"provider":"WPGlobus","version":"3.0.2","language":"en","enabled_languages":["cz","en","de"],"languages":{"cz":{"title":true,"content":true,"excerpt":false},"en":{"title":false,"content":false,"excerpt":false},"de":{"title":false,"content":false,"excerpt":false}}},"_links":{"self":[{"href":"https:\/\/aximont.com\/en\/wp-json\/wp\/v2\/pages\/12","targetHints":{"allow":["GET"]}}],"collection":[{"href":"https:\/\/aximont.com\/en\/wp-json\/wp\/v2\/pages"}],"about":[{"href":"https:\/\/aximont.com\/en\/wp-json\/wp\/v2\/types\/page"}],"author":[{"embeddable":true,"href":"https:\/\/aximont.com\/en\/wp-json\/wp\/v2\/users\/1"}],"replies":[{"embeddable":true,"href":"https:\/\/aximont.com\/en\/wp-json\/wp\/v2\/comments?post=12"}],"version-history":[{"count":9,"href":"https:\/\/aximont.com\/en\/wp-json\/wp\/v2\/pages\/12\/revisions"}],"predecessor-version":[{"id":2301,"href":"https:\/\/aximont.com\/en\/wp-json\/wp\/v2\/pages\/12\/revisions\/2301"}],"wp:attachment":[{"href":"https:\/\/aximont.com\/en\/wp-json\/wp\/v2\/media?parent=12"}],"curies":[{"name":"wp","href":"https:\/\/api.w.org\/{rel}","templated":true}]}}