{"id":1947,"date":"2017-11-15T09:42:27","date_gmt":"2017-11-15T09:42:27","guid":{"rendered":"http:\/\/aximont.com\/?page_id=10"},"modified":"2022-03-29T20:51:36","modified_gmt":"2022-03-29T18:51:36","slug":"services","status":"publish","type":"page","link":"https:\/\/aximont.com\/en\/services\/","title":{"rendered":"SERVICES"},"content":{"rendered":"<\/p>\n<h3>Trezorov\u00e9 dve\u0159e ATD<\/h3>\n<p>&nbsp;<\/p>\n<p>Tyto trezorov\u00e9 dve\u0159e jsou certifikovan\u00e9 dle \u010cSN\u00a01143-1 akreditovan\u00fdm certifika\u010dn\u00edm org\u00e1nem TREZOR TEST s.r.o. a jsou za\u0159azeny do bezpe\u010dnostn\u00ed t\u0159\u00eddy\u00a0\u201eI\u201c.\u00a0\u00a0Trezorov\u00e9 dve\u0159e odpov\u00eddaj\u00ed na\u0159\u00edzen\u00ed vl\u00e1dy \u010d.\u00a0338\/2002 ze dne 26.\u00a0\u010dervna 2002.<\/p>\n<p>Dve\u0159e je mo\u017en\u00e9 zhotovit jak v\u00a0pravostrann\u00e9m tak v\u00a0levostrann\u00e9m proveden\u00ed. Rozvorov\u00fd mechanismus je t\u0159\u00edstrann\u00fd, \u010dtvrt\u00e1 strana je pevn\u00e1. Kol\u00edky o pr\u016fm\u011bru 20\u00a0mm jsou zhotoveny z\u00a0nerez oceli. Uzamykac\u00ed mechanismus je v\u00a0horn\u00ed a doln\u00ed \u010d\u00e1sti dopln\u011bn o dva pasivn\u00ed nevratn\u00e9 blokovac\u00ed prvky, vz\u00e1jemn\u011b propojen\u00e9 ocelov\u00fdm lankem o pr\u016fm\u011bru 1,25\u00a0mm. Rozvora a blokovac\u00ed prvky jsou podlo\u017eeny kalenou deskou o tvrdosti HRC 56\u00a0\u00b1\u00a02\u00a0mm. Vnit\u0159n\u00ed prostor dve\u0159\u00ed je vypln\u011bn miner\u00e1ln\u00ed vatou ROCKWOOL o tlou\u0161\u0165ce 40\u00a0mm. Dve\u0159e jsou zav\u011b\u0161eny na dvou vn\u011bj\u0161\u00edch \u010depov\u00fdch z\u00e1v\u011bsech. Prahovou spojku tvo\u0159\u00ed plech tlou\u0161\u0165ky 4 mm. Pou\u017eit\u00fd odst\u00edn barev RAL je hygienicky nez\u00e1vadn\u00fd.<\/p>\n<p>&nbsp;<\/p>\n<p><img decoding=\"async\" class=\"alignnone size-large wp-image-394\" src=\"http:\/\/aximont.com\/web\/wp-content\/uploads\/2017\/10\/atd-cz-page-001-1024x220.jpg\" alt=\"\" width=\"800\" height=\"172\" srcset=\"https:\/\/aximont.com\/wp-content\/uploads\/2017\/10\/atd-cz-page-001-300x64.jpg 300w, https:\/\/aximont.com\/wp-content\/uploads\/2017\/10\/atd-cz-page-001-768x165.jpg 768w, https:\/\/aximont.com\/wp-content\/uploads\/2017\/10\/atd-cz-page-001-1024x220.jpg 1024w, https:\/\/aximont.com\/wp-content\/uploads\/2017\/10\/atd-cz-page-001.jpg 3300w\" sizes=\"(max-width: 800px) 100vw, 800px\" \/><\/p>\n<div id=\"grid-gallery-11-62\" data-gg-id=\"11\" data-title=\"ATD\" data-grid-type=\"1\" data-offset=\"17.3\" data-area-position=\"right\" data-icons=\"\" data-preloader=\"false\" data-width=\"225\" data-height=\"\" data-padding=\"0\" data-quicksand=\"disabled\" data-quicksand-duration=\"none\" data-popup-theme=\"theme_3\" data-popup-type=\"colorbox\" data-popup-fadeOut=\"300\" data-popup-image-text=\"data-description\" data-popup-widthsize=\"auto\" data-popup-heightsize=\"auto\" data-popup-i18n-words=\"{&quot;close&quot;:&quot;close&quot;,&quot;next&quot;:&quot;next&quot;,&quot;previous&quot;:&quot;previous&quot;,&quot;start_slideshow&quot;:&quot;start slideshow&quot;,&quot;stop_slideshow&quot;:&quot;stop slideshow&quot;,&quot;image&quot;:&quot;image&quot;,&quot;of&quot;:&quot;of&quot;,&quot;prev&quot;:&quot;prev&quot;,&quot;cExpand&quot;:&quot;Expand&quot;,&quot;cPrevious&quot;:&quot;Previous&quot;,&quot;cNext&quot;:&quot;Next&quot;,&quot;cExpandStr&quot;:&quot;Expand the image&quot;,&quot;cRotate&quot;:&quot;Rotate&quot;,&quot;cDetails&quot;:&quot;Details&quot;}\" data-popup-slideshow=\"false\" data-popup-slideshow-speed=\"2500\" data-popup-hoverstop=\"false\" data-popup-slideshow-auto=\"false\" data-popup-background=\"#bfbfbf\" data-popup-transparency=\"30\" data-popup-disable-history=\"\" data-popup-disable-changed-url=\"\" data-popup-border-type=\"\" data-popup-border-color=\"\" data-popup-border-width=\"\" data-popup-border-enable=\"\" data-fullscreen=\"false\" data-hide-tooltip=\"false\" data-caption-font-family=\"Default\" data-caption-text-size=\"140\" data-is-mobile=\"0\" data-caption-mobile=\"false\" data-hide-long-tltp-title=\"0\" data-caption-disabled-on-mobile=\"false\" data-popup-placement-type=\"0\" data-social-sharing=\"{&quot;enabled&quot;:&quot;&quot;,&quot;gallerySharing&quot;:{&quot;enabled&quot;:null,&quot;position&quot;:null},&quot;imageSharing&quot;:{&quot;enabled&quot;:null,&quot;wrapperClass&quot;:&quot; vertical &quot;},&quot;popupSharing&quot;:{&quot;enabled&quot;:null,&quot;wrapperClass&quot;:&quot; vertical &quot;}}\" class=\"grid-gallery grid-gallery-fluid-height \" style=\" width:1200; height:auto; float: left;position:relative;\"> <div class=\"gallery-sharing-top\" style=\"display:none;\"> <\/div> <div id=\"photos-11\" class=\"grid-gallery-photos\"><FIGURE class=\"grid-gallery-caption\" data-grid-gallery-type=\"quarter-slide-up\" data-index=\"0\" style=\"display:none;border-radius:00;; margin:17.3px; width:2250;\" ><div class=\"crop\" style=\"\"><img decoding=\"async\" src=\"http:\/\/aximont.com\/wp-content\/uploads\/2017\/10\/ATD_o-225x300.gif\" class=\"ggImg\" alt=\"ATD_o\" title=\"ATD_o\" data-description=\"ATD_o\" data-caption=\"ATD_o\" data-title=\"ATD_o\" style=\" width:225px;\" \/><\/div><FIGCAPTION class=\"\" data-alpha=\"5\" style=\"color:#ffffff; background-color:#6f0000; font-size:140; text-align:left; font-family:Default;\" ><div class=\"grid-gallery-figcaption-wrap\" style=\"\"><\/div><\/FIGCAPTION><\/FIGURE><FIGURE class=\"grid-gallery-caption\" data-grid-gallery-type=\"quarter-slide-up\" data-index=\"1\" style=\"display:none;border-radius:00;; margin:17.3px; width:2250;\" ><div class=\"crop\" style=\"\"><img decoding=\"async\" src=\"http:\/\/aximont.com\/wp-content\/uploads\/2017\/10\/ATD_z-225x300.gif\" class=\"ggImg\" alt=\"ATD_z\" title=\"ATD_z\" data-description=\"ATD_z\" data-caption=\"ATD_z\" data-title=\"ATD_z\" style=\" width:225px;\" \/><\/div><FIGCAPTION class=\"\" data-alpha=\"5\" style=\"color:#ffffff; background-color:#6f0000; font-size:140; text-align:left; font-family:Default;\" ><div class=\"grid-gallery-figcaption-wrap\" style=\"\"><\/div><\/FIGCAPTION><\/FIGURE> <div class=\"grid-gallery-clearfix\"><\/div> <\/div> <div class=\"gallery-sharing-bottom\" style=\"display:none;\"> <\/div> <div class=\"gallery-sharing-image\" style=\"display:none;\"> <\/div> <div class=\"gallery-sharing-popup\" style=\"display:none;\"> <\/div> <div class=\"grid-gallery-clearfix\"><\/div> <\/div> <!-- Gallery by Supsystic plugin1.16.0 --><a title=\"WordPress Image Gallery Plugin\" style=\"display:none;\" href=\"https:\/\/supsystic.com\/plugins\/photo-gallery\/?utm_medium=love_link\" target=\"_blank\">WordPress Image Gallery Plugin<\/a>\n<p><strong>Odolnost proti ohni:\u00a0<\/strong><\/p>\n<p>Mezipl\u00e1\u0161\u0165ov\u00fd prostor je vypln\u011bn ohnivzdorn\u00fdm materi\u00e1lem,<\/p>\n<p>\u00a0kter\u00fd je neho\u0159lav\u00fd dle DIN 4102 \u2013 t\u0159\u00edda \u201eA\u201c<\/p>\n<p>&nbsp;<\/p>\n<p><strong>Proveden\u00ed standard:<\/strong><\/p>\n<ul>\n<li>kl\u00ed\u010dov\u00fd bezpe\u010dnostn\u00ed z\u00e1mek<\/li>\n<li>\u0161t\u00edt, klika<\/li>\n<\/ul>\n<p>&nbsp;<\/p>\n<p><strong>Barva:<\/strong><\/p>\n<ul>\n<li>RAL 9002 \u2013 \u0161edob\u00edl\u00e1<\/li>\n<li>RAL 7016 \u2013 antracit. \u0161ed\u00e1<\/li>\n<li>RAL 7035 \u2013 \u0161ed\u00e1<\/li>\n<li>RAL 9005 \u2013 \u010dern\u00e1<\/li>\n<\/ul>\n<p>&nbsp;<\/p>\n<p><b>Mo\u017enost nadstandardn\u00edho vybaven\u00ed:\u00a0<\/b>\u00a0<\/p>\n<p>jin\u00fd odst\u00edn RAL, k\u00f3dov\u00e9 z\u00e1mky mechanick\u00e9 i elektronick\u00e9<\/p>\n<p>\n","protected":false},"excerpt":{"rendered":"","protected":false},"author":1,"featured_media":0,"parent":0,"menu_order":0,"comment_status":"closed","ping_status":"closed","template":"100-width.php","meta":{"footnotes":""},"class_list":["post-1947","page","type-page","status-publish","hentry"],"translation":{"provider":"WPGlobus","version":"3.0.2","language":"en","enabled_languages":["cz","en","de"],"languages":{"cz":{"title":true,"content":true,"excerpt":false},"en":{"title":false,"content":true,"excerpt":false},"de":{"title":false,"content":true,"excerpt":false}}},"_links":{"self":[{"href":"https:\/\/aximont.com\/en\/wp-json\/wp\/v2\/pages\/1947","targetHints":{"allow":["GET"]}}],"collection":[{"href":"https:\/\/aximont.com\/en\/wp-json\/wp\/v2\/pages"}],"about":[{"href":"https:\/\/aximont.com\/en\/wp-json\/wp\/v2\/types\/page"}],"author":[{"embeddable":true,"href":"https:\/\/aximont.com\/en\/wp-json\/wp\/v2\/users\/1"}],"replies":[{"embeddable":true,"href":"https:\/\/aximont.com\/en\/wp-json\/wp\/v2\/comments?post=1947"}],"version-history":[{"count":4,"href":"https:\/\/aximont.com\/en\/wp-json\/wp\/v2\/pages\/1947\/revisions"}],"predecessor-version":[{"id":2189,"href":"https:\/\/aximont.com\/en\/wp-json\/wp\/v2\/pages\/1947\/revisions\/2189"}],"wp:attachment":[{"href":"https:\/\/aximont.com\/en\/wp-json\/wp\/v2\/media?parent=1947"}],"curies":[{"name":"wp","href":"https:\/\/api.w.org\/{rel}","templated":true}]}}